{"id":19971,"date":"2025-08-23T15:14:43","date_gmt":"2025-08-23T15:14:43","guid":{"rendered":"https:\/\/cipele.ba\/shop\/uncategorized\/colmar-warm\/"},"modified":"2026-04-21T13:48:44","modified_gmt":"2026-04-21T13:48:44","slug":"colmar-warm","status":"publish","type":"product","link":"https:\/\/cipele.ba\/en\/shop\/zene\/zenski-dodaci\/colmar-warm\/","title":{"rendered":"Colmar WARM"},"content":{"rendered":"<p>COLMAR WARM uniseks \u010darape imaju \u017eivahan, ekskluzivan dizajn. Napravljene su od mekog frotira, fine Merino vune i akrila za maksimalnu udobnost i toplinu. Imaju elasti\u010dne umetke sa bo\u010dnih strana i oko zgloba za bolje pristajanje. Ulo\u017eak od polipropilena pobolj\u0161ava toplotnu izolaciju i prozra\u010dnost. Specifikacija: Uniseks \u010darape za skijanje Materijal: 63% najlon \/ 13% polipropilen \/ 11% akril \/ 11% vuna \/ 2% elastin<\/p>","protected":false},"excerpt":{"rendered":"<p>COLMAR WARM uniseks \u010darape imaju \u017eivahan, ekskluzivan dizajn. Napravljene su od mekog frotira, fine Merino vune i akrila za maksimalnu udobnost i toplinu. Imaju elasti\u010dne umetke sa bo\u010dnih strana i oko zgloba za bolje pristajanje. Ulo\u017eak od polipropilena pobolj\u0161ava toplotnu izolaciju i prozra\u010dnost. Specifikacija: Uniseks \u010darape za skijanje Materijal: 63% najlon \/ 13% polipropilen \/ [&hellip;]<\/p>","protected":false},"featured_media":19968,"template":"","meta":{"jetpack_post_was_ever_published":false},"product_brand":[94],"product_cat":[66],"product_tag":[],"class_list":{"0":"post-19971","1":"product","2":"type-product","3":"status-publish","4":"has-post-thumbnail","6":"product_brand-sport_vision","7":"product_cat-zenski-dodaci","9":"first","10":"instock","11":"sale","12":"shipping-taxable","13":"product-type-external"},"jetpack-related-posts":[],"jetpack_sharing_enabled":true,"_links":{"self":[{"href":"https:\/\/cipele.ba\/en\/wp-json\/wp\/v2\/product\/19971","targetHints":{"allow":["GET"]}}],"collection":[{"href":"https:\/\/cipele.ba\/en\/wp-json\/wp\/v2\/product"}],"about":[{"href":"https:\/\/cipele.ba\/en\/wp-json\/wp\/v2\/types\/product"}],"wp:featuredmedia":[{"embeddable":true,"href":"https:\/\/cipele.ba\/en\/wp-json\/wp\/v2\/media\/19968"}],"wp:attachment":[{"href":"https:\/\/cipele.ba\/en\/wp-json\/wp\/v2\/media?parent=19971"}],"wp:term":[{"taxonomy":"product_brand","embeddable":true,"href":"https:\/\/cipele.ba\/en\/wp-json\/wp\/v2\/product_brand?post=19971"},{"taxonomy":"product_cat","embeddable":true,"href":"https:\/\/cipele.ba\/en\/wp-json\/wp\/v2\/product_cat?post=19971"},{"taxonomy":"product_tag","embeddable":true,"href":"https:\/\/cipele.ba\/en\/wp-json\/wp\/v2\/product_tag?post=19971"}],"curies":[{"name":"wp","href":"https:\/\/api.w.org\/{rel}","templated":true}]}}