{"id":20012,"date":"2025-08-23T15:19:06","date_gmt":"2025-08-23T15:19:06","guid":{"rendered":"https:\/\/cipele.ba\/shop\/uncategorized\/adidas-the-simpsons\/"},"modified":"2026-04-18T14:19:16","modified_gmt":"2026-04-18T14:19:16","slug":"adidas-the-simpsons","status":"publish","type":"product","link":"https:\/\/cipele.ba\/en\/shop\/djeca\/djeciji-dodaci\/adidas-the-simpsons\/","title":{"rendered":"adidas The Simpsons"},"content":{"rendered":"<p>Zakora\u010dite u svijet Springfilda uz adidas The Simpsons patike za djecu. Detalji Ove \u010darape pru\u017eaju savr\u0161enu kombinaciju udobnosti, izdr\u017eljivosti i stila Idealne su za aktivno igranje i svakodnevno no\u0161enje Srednje visoke \u010darape do sredine lista Tkanina: 63% pamuk, 34% poliester, 3% elastin Eco story Ovaj proizvod djelimi\u010dno sadr\u017ei reciklirane materijale, a pamuk u ovom proizvodu je dobijen preko programa Better Cotton<\/p>","protected":false},"excerpt":{"rendered":"<p>Zakora\u010dite u svijet Springfilda uz adidas The Simpsons patike za djecu. Detalji Ove \u010darape pru\u017eaju savr\u0161enu kombinaciju udobnosti, izdr\u017eljivosti i stila Idealne su za aktivno igranje i svakodnevno no\u0161enje Srednje visoke \u010darape do sredine lista Tkanina: 63% pamuk, 34% poliester, 3% elastin Eco story Ovaj proizvod djelimi\u010dno sadr\u017ei reciklirane materijale, a pamuk u ovom proizvodu [&hellip;]<\/p>","protected":false},"featured_media":20009,"template":"","meta":{"jetpack_post_was_ever_published":false},"product_brand":[94],"product_cat":[82],"product_tag":[],"class_list":{"0":"post-20012","1":"product","2":"type-product","3":"status-publish","4":"has-post-thumbnail","6":"product_brand-sport_vision","7":"product_cat-djeciji-dodaci","9":"first","10":"instock","11":"shipping-taxable","12":"product-type-external"},"jetpack-related-posts":[],"jetpack_sharing_enabled":true,"_links":{"self":[{"href":"https:\/\/cipele.ba\/en\/wp-json\/wp\/v2\/product\/20012","targetHints":{"allow":["GET"]}}],"collection":[{"href":"https:\/\/cipele.ba\/en\/wp-json\/wp\/v2\/product"}],"about":[{"href":"https:\/\/cipele.ba\/en\/wp-json\/wp\/v2\/types\/product"}],"wp:featuredmedia":[{"embeddable":true,"href":"https:\/\/cipele.ba\/en\/wp-json\/wp\/v2\/media\/20009"}],"wp:attachment":[{"href":"https:\/\/cipele.ba\/en\/wp-json\/wp\/v2\/media?parent=20012"}],"wp:term":[{"taxonomy":"product_brand","embeddable":true,"href":"https:\/\/cipele.ba\/en\/wp-json\/wp\/v2\/product_brand?post=20012"},{"taxonomy":"product_cat","embeddable":true,"href":"https:\/\/cipele.ba\/en\/wp-json\/wp\/v2\/product_cat?post=20012"},{"taxonomy":"product_tag","embeddable":true,"href":"https:\/\/cipele.ba\/en\/wp-json\/wp\/v2\/product_tag?post=20012"}],"curies":[{"name":"wp","href":"https:\/\/api.w.org\/{rel}","templated":true}]}}