{"id":20018,"date":"2025-08-23T15:19:10","date_gmt":"2025-08-23T15:19:10","guid":{"rendered":"https:\/\/cipele.ba\/shop\/uncategorized\/adidas-linear-crew\/"},"modified":"2026-04-18T12:49:07","modified_gmt":"2026-04-18T12:49:07","slug":"adidas-linear-crew","status":"publish","type":"product","link":"https:\/\/cipele.ba\/en\/shop\/djeca\/djeciji-dodaci\/adidas-linear-crew\/","title":{"rendered":"adidas Linear Crew"},"content":{"rendered":"<p>Neka va\u0161im mali\u0161anima bude udobno i neka izgledaju moderno uz adidas Linear Crew \u010darape za djecu. Savr\u0161ene za \u0161kolu, igranje i svakodnevne avanture, ove \u010darape pru\u017eaju i udobnost i kultni adidas stil. Detalji: Meko i fleksibilno prianjanje s mje\u0161avinom pamuka, recikliranog poliestera i elastina Srednja visina pru\u017ea klasi\u010dan izgled i dodatnu pokrivenost Utkani adidas natpis za sportski, brendirani dodir Pakovanje od tri para pru\u017ea prilagodljivost i vrednost za svakodnevno no\u0161enje<\/p>","protected":false},"excerpt":{"rendered":"<p>Neka va\u0161im mali\u0161anima bude udobno i neka izgledaju moderno uz adidas Linear Crew \u010darape za djecu. Savr\u0161ene za \u0161kolu, igranje i svakodnevne avanture, ove \u010darape pru\u017eaju i udobnost i kultni adidas stil. Detalji: Meko i fleksibilno prianjanje s mje\u0161avinom pamuka, recikliranog poliestera i elastina Srednja visina pru\u017ea klasi\u010dan izgled i dodatnu pokrivenost Utkani adidas natpis [&hellip;]<\/p>","protected":false},"featured_media":20015,"template":"","meta":{"jetpack_post_was_ever_published":false},"product_brand":[94],"product_cat":[82],"product_tag":[],"class_list":{"0":"post-20018","1":"product","2":"type-product","3":"status-publish","4":"has-post-thumbnail","6":"product_brand-sport_vision","7":"product_cat-djeciji-dodaci","9":"first","10":"instock","11":"shipping-taxable","12":"product-type-external"},"jetpack-related-posts":[],"jetpack_sharing_enabled":true,"_links":{"self":[{"href":"https:\/\/cipele.ba\/en\/wp-json\/wp\/v2\/product\/20018","targetHints":{"allow":["GET"]}}],"collection":[{"href":"https:\/\/cipele.ba\/en\/wp-json\/wp\/v2\/product"}],"about":[{"href":"https:\/\/cipele.ba\/en\/wp-json\/wp\/v2\/types\/product"}],"wp:featuredmedia":[{"embeddable":true,"href":"https:\/\/cipele.ba\/en\/wp-json\/wp\/v2\/media\/20015"}],"wp:attachment":[{"href":"https:\/\/cipele.ba\/en\/wp-json\/wp\/v2\/media?parent=20018"}],"wp:term":[{"taxonomy":"product_brand","embeddable":true,"href":"https:\/\/cipele.ba\/en\/wp-json\/wp\/v2\/product_brand?post=20018"},{"taxonomy":"product_cat","embeddable":true,"href":"https:\/\/cipele.ba\/en\/wp-json\/wp\/v2\/product_cat?post=20018"},{"taxonomy":"product_tag","embeddable":true,"href":"https:\/\/cipele.ba\/en\/wp-json\/wp\/v2\/product_tag?post=20018"}],"curies":[{"name":"wp","href":"https:\/\/api.w.org\/{rel}","templated":true}]}}