{"id":20020,"date":"2025-08-23T15:19:11","date_gmt":"2025-08-23T15:19:11","guid":{"rendered":"https:\/\/cipele.ba\/shop\/uncategorized\/adidas-anni\/"},"modified":"2026-04-18T09:13:11","modified_gmt":"2026-04-18T09:13:11","slug":"adidas-anni","status":"publish","type":"product","link":"https:\/\/cipele.ba\/en\/shop\/djeca\/djeciji-dodaci\/adidas-anni\/","title":{"rendered":"adidas Anni"},"content":{"rendered":"","protected":false},"excerpt":{"rendered":"<p>Dodajte zabavnu notu odje\u0107i svojih mali\u0161ana uz ovaj paket od tri para adidas crew \u010darapa za decu sa zabavnim grafikama i jarkim bojama za svakodnevne avanture. Detalji Pakovanje od tri Me\u0161avina 63% pamuka, 34% recikliranog poliestera i 3% elastina<\/p>","protected":false},"featured_media":20016,"template":"","meta":{"jetpack_post_was_ever_published":false},"product_brand":[94],"product_cat":[82],"product_tag":[],"class_list":{"0":"post-20020","1":"product","2":"type-product","3":"status-publish","4":"has-post-thumbnail","6":"product_brand-sport_vision","7":"product_cat-djeciji-dodaci","9":"first","10":"instock","11":"shipping-taxable","12":"product-type-external"},"jetpack-related-posts":[],"jetpack_sharing_enabled":true,"_links":{"self":[{"href":"https:\/\/cipele.ba\/en\/wp-json\/wp\/v2\/product\/20020","targetHints":{"allow":["GET"]}}],"collection":[{"href":"https:\/\/cipele.ba\/en\/wp-json\/wp\/v2\/product"}],"about":[{"href":"https:\/\/cipele.ba\/en\/wp-json\/wp\/v2\/types\/product"}],"wp:featuredmedia":[{"embeddable":true,"href":"https:\/\/cipele.ba\/en\/wp-json\/wp\/v2\/media\/20016"}],"wp:attachment":[{"href":"https:\/\/cipele.ba\/en\/wp-json\/wp\/v2\/media?parent=20020"}],"wp:term":[{"taxonomy":"product_brand","embeddable":true,"href":"https:\/\/cipele.ba\/en\/wp-json\/wp\/v2\/product_brand?post=20020"},{"taxonomy":"product_cat","embeddable":true,"href":"https:\/\/cipele.ba\/en\/wp-json\/wp\/v2\/product_cat?post=20020"},{"taxonomy":"product_tag","embeddable":true,"href":"https:\/\/cipele.ba\/en\/wp-json\/wp\/v2\/product_tag?post=20020"}],"curies":[{"name":"wp","href":"https:\/\/api.w.org\/{rel}","templated":true}]}}