{"id":20024,"date":"2025-08-23T15:19:15","date_gmt":"2025-08-23T15:19:15","guid":{"rendered":"https:\/\/cipele.ba\/shop\/uncategorized\/adidas-performance\/"},"modified":"2026-04-16T04:18:53","modified_gmt":"2026-04-16T04:18:53","slug":"adidas-performance","status":"publish","type":"product","link":"https:\/\/cipele.ba\/en\/shop\/djeca\/djeciji-dodaci\/adidas-performance\/","title":{"rendered":"adidas Performance"},"content":{"rendered":"","protected":false},"excerpt":{"rendered":"<p>Ove adidas Performance rebraste crew \u010darape za tinejd\u017eere kombinuju udobnost i stil, a imaju meku mje\u0161avinu pamuka i tri para razli\u010ditih boja za kombinovanje za svaku priliku. Detalji Rebrasti rubovi spre\u010davaju da \u010darape spadnu<\/p>","protected":false},"featured_media":20021,"template":"","meta":{"jetpack_post_was_ever_published":false},"product_brand":[94],"product_cat":[82],"product_tag":[],"class_list":{"0":"post-20024","1":"product","2":"type-product","3":"status-publish","4":"has-post-thumbnail","6":"product_brand-sport_vision","7":"product_cat-djeciji-dodaci","9":"first","10":"instock","11":"sale","12":"shipping-taxable","13":"product-type-external"},"jetpack-related-posts":[],"jetpack_sharing_enabled":true,"_links":{"self":[{"href":"https:\/\/cipele.ba\/en\/wp-json\/wp\/v2\/product\/20024","targetHints":{"allow":["GET"]}}],"collection":[{"href":"https:\/\/cipele.ba\/en\/wp-json\/wp\/v2\/product"}],"about":[{"href":"https:\/\/cipele.ba\/en\/wp-json\/wp\/v2\/types\/product"}],"wp:featuredmedia":[{"embeddable":true,"href":"https:\/\/cipele.ba\/en\/wp-json\/wp\/v2\/media\/20021"}],"wp:attachment":[{"href":"https:\/\/cipele.ba\/en\/wp-json\/wp\/v2\/media?parent=20024"}],"wp:term":[{"taxonomy":"product_brand","embeddable":true,"href":"https:\/\/cipele.ba\/en\/wp-json\/wp\/v2\/product_brand?post=20024"},{"taxonomy":"product_cat","embeddable":true,"href":"https:\/\/cipele.ba\/en\/wp-json\/wp\/v2\/product_cat?post=20024"},{"taxonomy":"product_tag","embeddable":true,"href":"https:\/\/cipele.ba\/en\/wp-json\/wp\/v2\/product_tag?post=20024"}],"curies":[{"name":"wp","href":"https:\/\/api.w.org\/{rel}","templated":true}]}}