{"id":20037,"date":"2025-08-23T15:19:23","date_gmt":"2025-08-23T15:19:23","guid":{"rendered":"https:\/\/cipele.ba\/shop\/uncategorized\/nike-flowral\/"},"modified":"2026-04-18T13:03:26","modified_gmt":"2026-04-18T13:03:26","slug":"nike-flowral","status":"publish","type":"product","link":"https:\/\/cipele.ba\/en\/shop\/djeca\/djeciji-dodaci\/nike-flowral\/","title":{"rendered":"Nike Flowral"},"content":{"rendered":"<p>Dodajte da\u0161ak boje i udobnosti garderobi va\u0161e djevoj\u010dice sa Nike Flowral \u010darapama do \u010dlanaka. Sa \u017eivopisnim cvijetnim dizajnom i savr\u0161enim prianjanjem, u njima \u0107e biti stilizovana i spremna za svaku avanturu koja je \u010deka. Detalji Tkanina: 97% poliester, 3% elastin<\/p>","protected":false},"excerpt":{"rendered":"<p>Dodajte da\u0161ak boje i udobnosti garderobi va\u0161e djevoj\u010dice sa Nike Flowral \u010darapama do \u010dlanaka. Sa \u017eivopisnim cvijetnim dizajnom i savr\u0161enim prianjanjem, u njima \u0107e biti stilizovana i spremna za svaku avanturu koja je \u010deka. Detalji Tkanina: 97% poliester, 3% elastin<\/p>","protected":false},"featured_media":20034,"template":"","meta":{"jetpack_post_was_ever_published":false},"product_brand":[94],"product_cat":[82],"product_tag":[],"class_list":{"0":"post-20037","1":"product","2":"type-product","3":"status-publish","4":"has-post-thumbnail","6":"product_brand-sport_vision","7":"product_cat-djeciji-dodaci","9":"first","10":"instock","11":"shipping-taxable","12":"product-type-external"},"jetpack-related-posts":[],"jetpack_sharing_enabled":true,"_links":{"self":[{"href":"https:\/\/cipele.ba\/en\/wp-json\/wp\/v2\/product\/20037","targetHints":{"allow":["GET"]}}],"collection":[{"href":"https:\/\/cipele.ba\/en\/wp-json\/wp\/v2\/product"}],"about":[{"href":"https:\/\/cipele.ba\/en\/wp-json\/wp\/v2\/types\/product"}],"wp:featuredmedia":[{"embeddable":true,"href":"https:\/\/cipele.ba\/en\/wp-json\/wp\/v2\/media\/20034"}],"wp:attachment":[{"href":"https:\/\/cipele.ba\/en\/wp-json\/wp\/v2\/media?parent=20037"}],"wp:term":[{"taxonomy":"product_brand","embeddable":true,"href":"https:\/\/cipele.ba\/en\/wp-json\/wp\/v2\/product_brand?post=20037"},{"taxonomy":"product_cat","embeddable":true,"href":"https:\/\/cipele.ba\/en\/wp-json\/wp\/v2\/product_cat?post=20037"},{"taxonomy":"product_tag","embeddable":true,"href":"https:\/\/cipele.ba\/en\/wp-json\/wp\/v2\/product_tag?post=20037"}],"curies":[{"name":"wp","href":"https:\/\/api.w.org\/{rel}","templated":true}]}}