{"id":20083,"date":"2025-08-23T15:21:45","date_gmt":"2025-08-23T15:21:45","guid":{"rendered":"https:\/\/cipele.ba\/shop\/uncategorized\/nike-jordan-court-of-legends\/"},"modified":"2026-04-19T17:07:22","modified_gmt":"2026-04-19T17:07:22","slug":"nike-jordan-court-of-legends","status":"publish","type":"product","link":"https:\/\/cipele.ba\/en\/shop\/djeca\/djeciji-dodaci\/nike-jordan-court-of-legends\/","title":{"rendered":"Nike Jordan Court Of Legends"},"content":{"rendered":"<p>Nike Jordan Court Of Legends uniseks dje\u010dje lifestyle \u010darape za bebe dizajnirane za maksimalnu udobnost i podr\u0161ku, poma\u017eu mali\u0161anima da se kre\u0107u sa samopouzdanjem. Detalji 58% pamuk, 37% poliester i 5% spandeks Rebrasti rubovi nogavica za \u010dvrsto prianjanje oko \u010dlanaka Silikonski dodaci na \u0111onu obezbje\u0111uju pobolj\u0161ano prianjanje za stabilnost Prakti\u010dan set od 3 para za svakodnevno no\u0161enje i jednostavno kombinovanje Prepoznatljivi Jordan detalji za sportski zavr\u0161ni dodir<\/p>","protected":false},"excerpt":{"rendered":"<p>Nike Jordan Court Of Legends uniseks dje\u010dje lifestyle \u010darape za bebe dizajnirane za maksimalnu udobnost i podr\u0161ku, poma\u017eu mali\u0161anima da se kre\u0107u sa samopouzdanjem. Detalji 58% pamuk, 37% poliester i 5% spandeks Rebrasti rubovi nogavica za \u010dvrsto prianjanje oko \u010dlanaka Silikonski dodaci na \u0111onu obezbje\u0111uju pobolj\u0161ano prianjanje za stabilnost Prakti\u010dan set od 3 para za [&hellip;]<\/p>","protected":false},"featured_media":20079,"template":"","meta":{"jetpack_post_was_ever_published":false},"product_brand":[94],"product_cat":[82],"product_tag":[],"class_list":{"0":"post-20083","1":"product","2":"type-product","3":"status-publish","4":"has-post-thumbnail","6":"product_brand-sport_vision","7":"product_cat-djeciji-dodaci","9":"first","10":"instock","11":"shipping-taxable","12":"product-type-external"},"jetpack-related-posts":[],"jetpack_sharing_enabled":true,"_links":{"self":[{"href":"https:\/\/cipele.ba\/en\/wp-json\/wp\/v2\/product\/20083","targetHints":{"allow":["GET"]}}],"collection":[{"href":"https:\/\/cipele.ba\/en\/wp-json\/wp\/v2\/product"}],"about":[{"href":"https:\/\/cipele.ba\/en\/wp-json\/wp\/v2\/types\/product"}],"wp:featuredmedia":[{"embeddable":true,"href":"https:\/\/cipele.ba\/en\/wp-json\/wp\/v2\/media\/20079"}],"wp:attachment":[{"href":"https:\/\/cipele.ba\/en\/wp-json\/wp\/v2\/media?parent=20083"}],"wp:term":[{"taxonomy":"product_brand","embeddable":true,"href":"https:\/\/cipele.ba\/en\/wp-json\/wp\/v2\/product_brand?post=20083"},{"taxonomy":"product_cat","embeddable":true,"href":"https:\/\/cipele.ba\/en\/wp-json\/wp\/v2\/product_cat?post=20083"},{"taxonomy":"product_tag","embeddable":true,"href":"https:\/\/cipele.ba\/en\/wp-json\/wp\/v2\/product_tag?post=20083"}],"curies":[{"name":"wp","href":"https:\/\/api.w.org\/{rel}","templated":true}]}}