{"id":20089,"date":"2025-08-23T15:21:48","date_gmt":"2025-08-23T15:21:48","guid":{"rendered":"https:\/\/cipele.ba\/shop\/uncategorized\/nike-jordan-court-of-legends-2\/"},"modified":"2026-04-19T13:33:39","modified_gmt":"2026-04-19T13:33:39","slug":"nike-jordan-court-of-legends-2","status":"publish","type":"product","link":"https:\/\/cipele.ba\/en\/shop\/djeca\/djeciji-dodaci\/nike-jordan-court-of-legends-2\/","title":{"rendered":"Nike Jordan Court Of Legends"},"content":{"rendered":"<p>Nike Jordan Court Of Legends uniseks dje\u010dije lifestyle \u010darape za bebe dizajnirane za maksimalnu udobnost i podr\u0161ku, poma\u017eu mali\u0161anima da se kre\u0107u sa samopouzdanjem. Detalji 58% pamuk, 37% poliester i 5% spandeks Rebrasti rubovi nogavica za \u010dvrsto prianjanje oko \u010dlanaka Silikonski dodaci na \u0111onu obezbje\u0111uju pobolj\u0161ano prianjanje za stabilnost Prakti\u010dan set od 3 para za svakodnevno no\u0161enje i jednostavno kombinovanje Prepoznatljivi Jordan detalji za sportski zavr\u0161ni dodir<\/p>","protected":false},"excerpt":{"rendered":"<p>Nike Jordan Court Of Legends uniseks dje\u010dije lifestyle \u010darape za bebe dizajnirane za maksimalnu udobnost i podr\u0161ku, poma\u017eu mali\u0161anima da se kre\u0107u sa samopouzdanjem. Detalji 58% pamuk, 37% poliester i 5% spandeks Rebrasti rubovi nogavica za \u010dvrsto prianjanje oko \u010dlanaka Silikonski dodaci na \u0111onu obezbje\u0111uju pobolj\u0161ano prianjanje za stabilnost Prakti\u010dan set od 3 para za [&hellip;]<\/p>","protected":false},"featured_media":20085,"template":"","meta":{"jetpack_post_was_ever_published":false},"product_brand":[94],"product_cat":[82],"product_tag":[],"class_list":{"0":"post-20089","1":"product","2":"type-product","3":"status-publish","4":"has-post-thumbnail","6":"product_brand-sport_vision","7":"product_cat-djeciji-dodaci","9":"first","10":"instock","11":"shipping-taxable","12":"product-type-external"},"jetpack-related-posts":[],"jetpack_sharing_enabled":true,"_links":{"self":[{"href":"https:\/\/cipele.ba\/en\/wp-json\/wp\/v2\/product\/20089","targetHints":{"allow":["GET"]}}],"collection":[{"href":"https:\/\/cipele.ba\/en\/wp-json\/wp\/v2\/product"}],"about":[{"href":"https:\/\/cipele.ba\/en\/wp-json\/wp\/v2\/types\/product"}],"wp:featuredmedia":[{"embeddable":true,"href":"https:\/\/cipele.ba\/en\/wp-json\/wp\/v2\/media\/20085"}],"wp:attachment":[{"href":"https:\/\/cipele.ba\/en\/wp-json\/wp\/v2\/media?parent=20089"}],"wp:term":[{"taxonomy":"product_brand","embeddable":true,"href":"https:\/\/cipele.ba\/en\/wp-json\/wp\/v2\/product_brand?post=20089"},{"taxonomy":"product_cat","embeddable":true,"href":"https:\/\/cipele.ba\/en\/wp-json\/wp\/v2\/product_cat?post=20089"},{"taxonomy":"product_tag","embeddable":true,"href":"https:\/\/cipele.ba\/en\/wp-json\/wp\/v2\/product_tag?post=20089"}],"curies":[{"name":"wp","href":"https:\/\/api.w.org\/{rel}","templated":true}]}}