{"id":20090,"date":"2025-08-23T15:21:49","date_gmt":"2025-08-23T15:21:49","guid":{"rendered":"https:\/\/cipele.ba\/shop\/uncategorized\/nike-jordan-2\/"},"modified":"2026-04-18T19:45:24","modified_gmt":"2026-04-18T19:45:24","slug":"nike-jordan-2","status":"publish","type":"product","link":"https:\/\/cipele.ba\/en\/shop\/djeca\/djeciji-dodaci\/nike-jordan-2\/","title":{"rendered":"Nike Jordan"},"content":{"rendered":"<p>Ovo Jordan pakovanje od 3 para \u010darapa za djevoj\u010dice sastoji se od izuzetno meke mje\u0161avine pamuka za bebe sa elasti\u010dnim, rebrastim rubom za udobno, \u010dvrsto i neklizaju\u0107e prianjanje za dodatnu stabilnost. Detalji Pakovanje sadr\u017ei 3 para Mje\u0161avina pamuka Rebrasti rubovi Neklizaju\u0107e prianjanje Razli\u010dite boje Izvezeni Jumpman logotip na svakom paru \u010darapa<\/p>","protected":false},"excerpt":{"rendered":"<p>Ovo Jordan pakovanje od 3 para \u010darapa za djevoj\u010dice sastoji se od izuzetno meke mje\u0161avine pamuka za bebe sa elasti\u010dnim, rebrastim rubom za udobno, \u010dvrsto i neklizaju\u0107e prianjanje za dodatnu stabilnost. Detalji Pakovanje sadr\u017ei 3 para Mje\u0161avina pamuka Rebrasti rubovi Neklizaju\u0107e prianjanje Razli\u010dite boje Izvezeni Jumpman logotip na svakom paru \u010darapa<\/p>","protected":false},"featured_media":20087,"template":"","meta":{"jetpack_post_was_ever_published":false},"product_brand":[94],"product_cat":[82],"product_tag":[],"class_list":{"0":"post-20090","1":"product","2":"type-product","3":"status-publish","4":"has-post-thumbnail","6":"product_brand-sport_vision","7":"product_cat-djeciji-dodaci","9":"first","10":"instock","11":"sale","12":"shipping-taxable","13":"product-type-external"},"jetpack-related-posts":[],"jetpack_sharing_enabled":true,"_links":{"self":[{"href":"https:\/\/cipele.ba\/en\/wp-json\/wp\/v2\/product\/20090","targetHints":{"allow":["GET"]}}],"collection":[{"href":"https:\/\/cipele.ba\/en\/wp-json\/wp\/v2\/product"}],"about":[{"href":"https:\/\/cipele.ba\/en\/wp-json\/wp\/v2\/types\/product"}],"wp:featuredmedia":[{"embeddable":true,"href":"https:\/\/cipele.ba\/en\/wp-json\/wp\/v2\/media\/20087"}],"wp:attachment":[{"href":"https:\/\/cipele.ba\/en\/wp-json\/wp\/v2\/media?parent=20090"}],"wp:term":[{"taxonomy":"product_brand","embeddable":true,"href":"https:\/\/cipele.ba\/en\/wp-json\/wp\/v2\/product_brand?post=20090"},{"taxonomy":"product_cat","embeddable":true,"href":"https:\/\/cipele.ba\/en\/wp-json\/wp\/v2\/product_cat?post=20090"},{"taxonomy":"product_tag","embeddable":true,"href":"https:\/\/cipele.ba\/en\/wp-json\/wp\/v2\/product_tag?post=20090"}],"curies":[{"name":"wp","href":"https:\/\/api.w.org\/{rel}","templated":true}]}}