{"id":20091,"date":"2025-08-23T15:21:49","date_gmt":"2025-08-23T15:21:49","guid":{"rendered":"https:\/\/cipele.ba\/shop\/uncategorized\/nike-express-yourself\/"},"modified":"2026-04-18T18:00:13","modified_gmt":"2026-04-18T18:00:13","slug":"nike-express-yourself","status":"publish","type":"product","link":"https:\/\/cipele.ba\/en\/shop\/djeca\/djeciji-dodaci\/nike-express-yourself\/","title":{"rendered":"Nike Express Yourself"},"content":{"rendered":"<p>Mala djeca mogu da zasijaju u ovim Nike Express Yourself \u010darapama. Detalji Ove \u010darape su napravljene od meke mje\u0161avine pamuka u ravnoj pletenoj konstrukciji Teksturirani uzorak na dnu pru\u017ea osje\u0107aj prijanjanja za dodatnu stabilnost Pakovanje sadr\u017ei tri para \u010darapa Pere se u ma\u0161ini<\/p>","protected":false},"excerpt":{"rendered":"<p>Mala djeca mogu da zasijaju u ovim Nike Express Yourself \u010darapama. Detalji Ove \u010darape su napravljene od meke mje\u0161avine pamuka u ravnoj pletenoj konstrukciji Teksturirani uzorak na dnu pru\u017ea osje\u0107aj prijanjanja za dodatnu stabilnost Pakovanje sadr\u017ei tri para \u010darapa Pere se u ma\u0161ini<\/p>","protected":false},"featured_media":20088,"template":"","meta":{"jetpack_post_was_ever_published":false},"product_brand":[94],"product_cat":[82],"product_tag":[],"class_list":{"0":"post-20091","1":"product","2":"type-product","3":"status-publish","4":"has-post-thumbnail","6":"product_brand-sport_vision","7":"product_cat-djeciji-dodaci","9":"first","10":"instock","11":"sale","12":"shipping-taxable","13":"product-type-external"},"jetpack-related-posts":[],"jetpack_sharing_enabled":true,"_links":{"self":[{"href":"https:\/\/cipele.ba\/en\/wp-json\/wp\/v2\/product\/20091","targetHints":{"allow":["GET"]}}],"collection":[{"href":"https:\/\/cipele.ba\/en\/wp-json\/wp\/v2\/product"}],"about":[{"href":"https:\/\/cipele.ba\/en\/wp-json\/wp\/v2\/types\/product"}],"wp:featuredmedia":[{"embeddable":true,"href":"https:\/\/cipele.ba\/en\/wp-json\/wp\/v2\/media\/20088"}],"wp:attachment":[{"href":"https:\/\/cipele.ba\/en\/wp-json\/wp\/v2\/media?parent=20091"}],"wp:term":[{"taxonomy":"product_brand","embeddable":true,"href":"https:\/\/cipele.ba\/en\/wp-json\/wp\/v2\/product_brand?post=20091"},{"taxonomy":"product_cat","embeddable":true,"href":"https:\/\/cipele.ba\/en\/wp-json\/wp\/v2\/product_cat?post=20091"},{"taxonomy":"product_tag","embeddable":true,"href":"https:\/\/cipele.ba\/en\/wp-json\/wp\/v2\/product_tag?post=20091"}],"curies":[{"name":"wp","href":"https:\/\/api.w.org\/{rel}","templated":true}]}}