{"id":20099,"date":"2025-08-23T15:21:53","date_gmt":"2025-08-23T15:21:53","guid":{"rendered":"https:\/\/cipele.ba\/shop\/uncategorized\/adidas-star-wars\/"},"modified":"2026-04-16T03:00:13","modified_gmt":"2026-04-16T03:00:13","slug":"adidas-star-wars","status":"publish","type":"product","link":"https:\/\/cipele.ba\/en\/shop\/djeca\/djeciji-dodaci\/adidas-star-wars\/","title":{"rendered":"adidas Star Wars"},"content":{"rendered":"<p>adidas Star Wars su mekane \u010darape za male D\u017eedaje. Neka ih mali\u0161ani samo navuku i krenu u novu avanturu. \u0160areni dizajn podsti\u010de ma\u0161tu, dok mekana tkanina pru\u017ea udobnost. \u010carape dolaze u pakovanju od tri para, pa djeca mogu svakodnevno da pokazuju odanost omiljenim junacima. Njihova udobna ranfla \u0107e pru\u017eiti dodatni komfor i podr\u0161ku. Bonus poeni idu za mekani pamuk koji malim stopalima nudi udobnost, kad god hodaju ili ska\u010du u njima. adidas proizvodi od pamuka podr\u017eavaju odr\u017eivi uzgoj pamuka. Specifikacija: Dje\u010dije \u010darape Tri para Elasti\u010dna ranfla Ma\u0161insko pranje<\/p>","protected":false},"excerpt":{"rendered":"<p>adidas Star Wars su mekane \u010darape za male D\u017eedaje. Neka ih mali\u0161ani samo navuku i krenu u novu avanturu. \u0160areni dizajn podsti\u010de ma\u0161tu, dok mekana tkanina pru\u017ea udobnost. \u010carape dolaze u pakovanju od tri para, pa djeca mogu svakodnevno da pokazuju odanost omiljenim junacima. Njihova udobna ranfla \u0107e pru\u017eiti dodatni komfor i podr\u0161ku. Bonus poeni [&hellip;]<\/p>","protected":false},"featured_media":20095,"template":"","meta":{"jetpack_post_was_ever_published":false},"product_brand":[94],"product_cat":[82],"product_tag":[],"class_list":{"0":"post-20099","1":"product","2":"type-product","3":"status-publish","4":"has-post-thumbnail","6":"product_brand-sport_vision","7":"product_cat-djeciji-dodaci","9":"first","10":"instock","11":"sale","12":"shipping-taxable","13":"product-type-external"},"jetpack-related-posts":[],"jetpack_sharing_enabled":true,"_links":{"self":[{"href":"https:\/\/cipele.ba\/en\/wp-json\/wp\/v2\/product\/20099","targetHints":{"allow":["GET"]}}],"collection":[{"href":"https:\/\/cipele.ba\/en\/wp-json\/wp\/v2\/product"}],"about":[{"href":"https:\/\/cipele.ba\/en\/wp-json\/wp\/v2\/types\/product"}],"wp:featuredmedia":[{"embeddable":true,"href":"https:\/\/cipele.ba\/en\/wp-json\/wp\/v2\/media\/20095"}],"wp:attachment":[{"href":"https:\/\/cipele.ba\/en\/wp-json\/wp\/v2\/media?parent=20099"}],"wp:term":[{"taxonomy":"product_brand","embeddable":true,"href":"https:\/\/cipele.ba\/en\/wp-json\/wp\/v2\/product_brand?post=20099"},{"taxonomy":"product_cat","embeddable":true,"href":"https:\/\/cipele.ba\/en\/wp-json\/wp\/v2\/product_cat?post=20099"},{"taxonomy":"product_tag","embeddable":true,"href":"https:\/\/cipele.ba\/en\/wp-json\/wp\/v2\/product_tag?post=20099"}],"curies":[{"name":"wp","href":"https:\/\/api.w.org\/{rel}","templated":true}]}}