{"id":20101,"date":"2025-08-23T15:21:54","date_gmt":"2025-08-23T15:21:54","guid":{"rendered":"https:\/\/cipele.ba\/shop\/uncategorized\/adidas-disney-2\/"},"modified":"2026-04-16T01:08:18","modified_gmt":"2026-04-16T01:08:18","slug":"adidas-disney-2","status":"publish","type":"product","link":"https:\/\/cipele.ba\/en\/shop\/djeca\/djeciji-dodaci\/adidas-disney-2\/","title":{"rendered":"adidas Disney"},"content":{"rendered":"<p>adidas Disney dje\u010dije \u010darape donose \u010daroliju Diznija na svakom koraku. Udoban pamu\u010dni materijal zna\u010di da djeca mogu istra\u017eivati cijeli dan s udobno\u0161\u0107u, dok se univerzalna du\u017eina \u010darapa lako uklapa sa svim njihovim omiljenim odjevnim kombinacijama. Napravljene od mje\u0161avine mekih tkanina, imaju jastu\u010di\u0107e na peti i prstima kako bi njihove noge bile udobne. Pamuk u ovom proizvodu dobijen je putem programa Better Cotton. Better Cotton se nabavlja putem modela lanca snabdevanja poznatog kao masovna ravnote\u017ea. To zna\u010di da se Better Cotton ne mo\u017ee fizi\u010dki pratiti do krajnjih proizvoda. Specifikacija: \/p&gt; Dje\u010dije \u010darape Jastu\u010di\u0107i na peti i prstima Univerzalna du\u017eina<\/p>","protected":false},"excerpt":{"rendered":"<p>adidas Disney dje\u010dije \u010darape donose \u010daroliju Diznija na svakom koraku. Udoban pamu\u010dni materijal zna\u010di da djeca mogu istra\u017eivati cijeli dan s udobno\u0161\u0107u, dok se univerzalna du\u017eina \u010darapa lako uklapa sa svim njihovim omiljenim odjevnim kombinacijama. Napravljene od mje\u0161avine mekih tkanina, imaju jastu\u010di\u0107e na peti i prstima kako bi njihove noge bile udobne. Pamuk u ovom [&hellip;]<\/p>","protected":false},"featured_media":20098,"template":"","meta":{"jetpack_post_was_ever_published":false},"product_brand":[94],"product_cat":[82],"product_tag":[],"class_list":{"0":"post-20101","1":"product","2":"type-product","3":"status-publish","4":"has-post-thumbnail","6":"product_brand-sport_vision","7":"product_cat-djeciji-dodaci","9":"first","10":"instock","11":"sale","12":"shipping-taxable","13":"product-type-external"},"jetpack-related-posts":[],"jetpack_sharing_enabled":true,"_links":{"self":[{"href":"https:\/\/cipele.ba\/en\/wp-json\/wp\/v2\/product\/20101","targetHints":{"allow":["GET"]}}],"collection":[{"href":"https:\/\/cipele.ba\/en\/wp-json\/wp\/v2\/product"}],"about":[{"href":"https:\/\/cipele.ba\/en\/wp-json\/wp\/v2\/types\/product"}],"wp:featuredmedia":[{"embeddable":true,"href":"https:\/\/cipele.ba\/en\/wp-json\/wp\/v2\/media\/20098"}],"wp:attachment":[{"href":"https:\/\/cipele.ba\/en\/wp-json\/wp\/v2\/media?parent=20101"}],"wp:term":[{"taxonomy":"product_brand","embeddable":true,"href":"https:\/\/cipele.ba\/en\/wp-json\/wp\/v2\/product_brand?post=20101"},{"taxonomy":"product_cat","embeddable":true,"href":"https:\/\/cipele.ba\/en\/wp-json\/wp\/v2\/product_cat?post=20101"},{"taxonomy":"product_tag","embeddable":true,"href":"https:\/\/cipele.ba\/en\/wp-json\/wp\/v2\/product_tag?post=20101"}],"curies":[{"name":"wp","href":"https:\/\/api.w.org\/{rel}","templated":true}]}}