{"id":20110,"date":"2025-08-23T15:21:59","date_gmt":"2025-08-23T15:21:59","guid":{"rendered":"https:\/\/cipele.ba\/shop\/uncategorized\/champion-socket-2\/"},"modified":"2026-04-18T20:51:24","modified_gmt":"2026-04-18T20:51:24","slug":"champion-socket-2","status":"publish","type":"product","link":"https:\/\/cipele.ba\/en\/shop\/djeca\/djeciji-dodaci\/champion-socket-2\/","title":{"rendered":"Champion Socket"},"content":{"rendered":"<p>Champion Socket je komplet udobnih prugastih \u010darapa za djevoj\u010dice koje kombinuju meku, prozra\u010dnu tkaninu i zabavni dizajn, \u0161to omogu\u0107ava da no\u017eicama bude udobno i da ostanu moderne tokom cijelog dana. Detalji: Za djevoj\u010dice Champion logotip Mekani materijali Pakovanje od 3 para<\/p>","protected":false},"excerpt":{"rendered":"<p>Champion Socket je komplet udobnih prugastih \u010darapa za djevoj\u010dice koje kombinuju meku, prozra\u010dnu tkaninu i zabavni dizajn, \u0161to omogu\u0107ava da no\u017eicama bude udobno i da ostanu moderne tokom cijelog dana. Detalji: Za djevoj\u010dice Champion logotip Mekani materijali Pakovanje od 3 para<\/p>","protected":false},"featured_media":20106,"template":"","meta":{"jetpack_post_was_ever_published":false},"product_brand":[94],"product_cat":[82],"product_tag":[],"class_list":{"0":"post-20110","1":"product","2":"type-product","3":"status-publish","4":"has-post-thumbnail","6":"product_brand-sport_vision","7":"product_cat-djeciji-dodaci","9":"first","10":"instock","11":"shipping-taxable","12":"product-type-external"},"jetpack-related-posts":[],"jetpack_sharing_enabled":true,"_links":{"self":[{"href":"https:\/\/cipele.ba\/en\/wp-json\/wp\/v2\/product\/20110","targetHints":{"allow":["GET"]}}],"collection":[{"href":"https:\/\/cipele.ba\/en\/wp-json\/wp\/v2\/product"}],"about":[{"href":"https:\/\/cipele.ba\/en\/wp-json\/wp\/v2\/types\/product"}],"wp:featuredmedia":[{"embeddable":true,"href":"https:\/\/cipele.ba\/en\/wp-json\/wp\/v2\/media\/20106"}],"wp:attachment":[{"href":"https:\/\/cipele.ba\/en\/wp-json\/wp\/v2\/media?parent=20110"}],"wp:term":[{"taxonomy":"product_brand","embeddable":true,"href":"https:\/\/cipele.ba\/en\/wp-json\/wp\/v2\/product_brand?post=20110"},{"taxonomy":"product_cat","embeddable":true,"href":"https:\/\/cipele.ba\/en\/wp-json\/wp\/v2\/product_cat?post=20110"},{"taxonomy":"product_tag","embeddable":true,"href":"https:\/\/cipele.ba\/en\/wp-json\/wp\/v2\/product_tag?post=20110"}],"curies":[{"name":"wp","href":"https:\/\/api.w.org\/{rel}","templated":true}]}}