{"id":20114,"date":"2025-08-23T15:22:02","date_gmt":"2025-08-23T15:22:02","guid":{"rendered":"https:\/\/cipele.ba\/shop\/uncategorized\/champion-socket-3\/"},"modified":"2026-04-18T17:13:56","modified_gmt":"2026-04-18T17:13:56","slug":"champion-socket-3","status":"publish","type":"product","link":"https:\/\/cipele.ba\/en\/shop\/djeca\/djeciji-dodaci\/champion-socket-3\/","title":{"rendered":"Champion Socket"},"content":{"rendered":"<p>Champion Socket je komplet udobnih \u010darapa za bebe koje kombinuju meku, prozra\u010dnu tkaninu i jednostavni dizajn, \u0161to omogu\u0107ava da no\u017eicama bude udobno i da ostanu moderne tokom cijelog dana. Detalji: Za bebe Champion logotip Mekani materijali Pakovanje od 3 para<\/p>","protected":false},"excerpt":{"rendered":"<p>Champion Socket je komplet udobnih \u010darapa za bebe koje kombinuju meku, prozra\u010dnu tkaninu i jednostavni dizajn, \u0161to omogu\u0107ava da no\u017eicama bude udobno i da ostanu moderne tokom cijelog dana. Detalji: Za bebe Champion logotip Mekani materijali Pakovanje od 3 para<\/p>","protected":false},"featured_media":20112,"template":"","meta":{"jetpack_post_was_ever_published":false},"product_brand":[94],"product_cat":[82],"product_tag":[],"class_list":{"0":"post-20114","1":"product","2":"type-product","3":"status-publish","4":"has-post-thumbnail","6":"product_brand-sport_vision","7":"product_cat-djeciji-dodaci","9":"first","10":"instock","11":"shipping-taxable","12":"product-type-external"},"jetpack-related-posts":[],"jetpack_sharing_enabled":true,"_links":{"self":[{"href":"https:\/\/cipele.ba\/en\/wp-json\/wp\/v2\/product\/20114","targetHints":{"allow":["GET"]}}],"collection":[{"href":"https:\/\/cipele.ba\/en\/wp-json\/wp\/v2\/product"}],"about":[{"href":"https:\/\/cipele.ba\/en\/wp-json\/wp\/v2\/types\/product"}],"wp:featuredmedia":[{"embeddable":true,"href":"https:\/\/cipele.ba\/en\/wp-json\/wp\/v2\/media\/20112"}],"wp:attachment":[{"href":"https:\/\/cipele.ba\/en\/wp-json\/wp\/v2\/media?parent=20114"}],"wp:term":[{"taxonomy":"product_brand","embeddable":true,"href":"https:\/\/cipele.ba\/en\/wp-json\/wp\/v2\/product_brand?post=20114"},{"taxonomy":"product_cat","embeddable":true,"href":"https:\/\/cipele.ba\/en\/wp-json\/wp\/v2\/product_cat?post=20114"},{"taxonomy":"product_tag","embeddable":true,"href":"https:\/\/cipele.ba\/en\/wp-json\/wp\/v2\/product_tag?post=20114"}],"curies":[{"name":"wp","href":"https:\/\/api.w.org\/{rel}","templated":true}]}}