{"id":20119,"date":"2025-08-23T15:22:04","date_gmt":"2025-08-23T15:22:04","guid":{"rendered":"https:\/\/cipele.ba\/shop\/uncategorized\/adidas-graphic\/"},"modified":"2026-04-18T09:18:07","modified_gmt":"2026-04-18T09:18:07","slug":"adidas-graphic","status":"publish","type":"product","link":"https:\/\/cipele.ba\/en\/shop\/djeca\/djeciji-dodaci\/adidas-graphic\/","title":{"rendered":"adidas Graphic"},"content":{"rendered":"<p>adidas Graphic su dje\u010dije, uniseks \u010darape koje dolaze u pakovanju od 3 para. Dodajte malo zabave i urbanosti u dje\u010diju fioku sa \u010darapama. Bez obzira da li klize na \u010darapama po parketu ili tr\u010de oko parka s prijateljima, ove dje\u010dije adidas \u010darape \u010dine stopala udobnim i vedrim. Meko pamu\u010dno vlakno zna\u010di da \u0107e stopala u\u017eivati u komforu tokom cijelog dana. Najmanje 50% ovog proizvoda \u010dini mje\u0161avina recikliranih i obnovljivih materijala. Specifikacija: \u010carape za djecu Uniseks Pakovanje od 3 para adidas logotip 50% recikliranih materijala<\/p>","protected":false},"excerpt":{"rendered":"<p>adidas Graphic su dje\u010dije, uniseks \u010darape koje dolaze u pakovanju od 3 para. Dodajte malo zabave i urbanosti u dje\u010diju fioku sa \u010darapama. Bez obzira da li klize na \u010darapama po parketu ili tr\u010de oko parka s prijateljima, ove dje\u010dije adidas \u010darape \u010dine stopala udobnim i vedrim. Meko pamu\u010dno vlakno zna\u010di da \u0107e stopala u\u017eivati [&hellip;]<\/p>","protected":false},"featured_media":20117,"template":"","meta":{"jetpack_post_was_ever_published":false},"product_brand":[94],"product_cat":[82],"product_tag":[],"class_list":{"0":"post-20119","1":"product","2":"type-product","3":"status-publish","4":"has-post-thumbnail","6":"product_brand-sport_vision","7":"product_cat-djeciji-dodaci","9":"first","10":"instock","11":"shipping-taxable","12":"product-type-external"},"jetpack-related-posts":[],"jetpack_sharing_enabled":true,"_links":{"self":[{"href":"https:\/\/cipele.ba\/en\/wp-json\/wp\/v2\/product\/20119","targetHints":{"allow":["GET"]}}],"collection":[{"href":"https:\/\/cipele.ba\/en\/wp-json\/wp\/v2\/product"}],"about":[{"href":"https:\/\/cipele.ba\/en\/wp-json\/wp\/v2\/types\/product"}],"wp:featuredmedia":[{"embeddable":true,"href":"https:\/\/cipele.ba\/en\/wp-json\/wp\/v2\/media\/20117"}],"wp:attachment":[{"href":"https:\/\/cipele.ba\/en\/wp-json\/wp\/v2\/media?parent=20119"}],"wp:term":[{"taxonomy":"product_brand","embeddable":true,"href":"https:\/\/cipele.ba\/en\/wp-json\/wp\/v2\/product_brand?post=20119"},{"taxonomy":"product_cat","embeddable":true,"href":"https:\/\/cipele.ba\/en\/wp-json\/wp\/v2\/product_cat?post=20119"},{"taxonomy":"product_tag","embeddable":true,"href":"https:\/\/cipele.ba\/en\/wp-json\/wp\/v2\/product_tag?post=20119"}],"curies":[{"name":"wp","href":"https:\/\/api.w.org\/{rel}","templated":true}]}}