{"id":20127,"date":"2025-08-23T15:22:09","date_gmt":"2025-08-23T15:22:09","guid":{"rendered":"https:\/\/cipele.ba\/shop\/uncategorized\/champion-socket-5\/"},"modified":"2026-04-18T22:38:34","modified_gmt":"2026-04-18T22:38:34","slug":"champion-socket-5","status":"publish","type":"product","link":"https:\/\/cipele.ba\/en\/shop\/djeca\/djeciji-dodaci\/champion-socket-5\/","title":{"rendered":"Champion Socket"},"content":{"rendered":"<p>Champion Socket \u010darape za bebe djevoj\u010dice za sportiskinje od malih nogu. Ovaj model \u010darapa dizajniran je za bebe djevoj\u010dice sa ciljem da im pru\u017ei udobnost od prvog dana. Rebraste ranfle su tu da osiguraju da \u010darape ostanu na mjestu tokom \u010ditavog dana, a Champion logotip na ranflama je tu da svima poka\u017ee kako se brend voli od malih nogu. U pakovanju dolaze tri para. Specifikacija: \u010carape za bebe djevoj\u010dice Rebraste ranfle Champion logotip<\/p>","protected":false},"excerpt":{"rendered":"<p>Champion Socket \u010darape za bebe djevoj\u010dice za sportiskinje od malih nogu. Ovaj model \u010darapa dizajniran je za bebe djevoj\u010dice sa ciljem da im pru\u017ei udobnost od prvog dana. Rebraste ranfle su tu da osiguraju da \u010darape ostanu na mjestu tokom \u010ditavog dana, a Champion logotip na ranflama je tu da svima poka\u017ee kako se brend [&hellip;]<\/p>","protected":false},"featured_media":20125,"template":"","meta":{"jetpack_post_was_ever_published":false},"product_brand":[94],"product_cat":[82],"product_tag":[],"class_list":{"0":"post-20127","1":"product","2":"type-product","3":"status-publish","4":"has-post-thumbnail","6":"product_brand-sport_vision","7":"product_cat-djeciji-dodaci","9":"first","10":"instock","11":"sale","12":"shipping-taxable","13":"product-type-external"},"jetpack-related-posts":[],"jetpack_sharing_enabled":true,"_links":{"self":[{"href":"https:\/\/cipele.ba\/en\/wp-json\/wp\/v2\/product\/20127","targetHints":{"allow":["GET"]}}],"collection":[{"href":"https:\/\/cipele.ba\/en\/wp-json\/wp\/v2\/product"}],"about":[{"href":"https:\/\/cipele.ba\/en\/wp-json\/wp\/v2\/types\/product"}],"wp:featuredmedia":[{"embeddable":true,"href":"https:\/\/cipele.ba\/en\/wp-json\/wp\/v2\/media\/20125"}],"wp:attachment":[{"href":"https:\/\/cipele.ba\/en\/wp-json\/wp\/v2\/media?parent=20127"}],"wp:term":[{"taxonomy":"product_brand","embeddable":true,"href":"https:\/\/cipele.ba\/en\/wp-json\/wp\/v2\/product_brand?post=20127"},{"taxonomy":"product_cat","embeddable":true,"href":"https:\/\/cipele.ba\/en\/wp-json\/wp\/v2\/product_cat?post=20127"},{"taxonomy":"product_tag","embeddable":true,"href":"https:\/\/cipele.ba\/en\/wp-json\/wp\/v2\/product_tag?post=20127"}],"curies":[{"name":"wp","href":"https:\/\/api.w.org\/{rel}","templated":true}]}}