{"id":20320,"date":"2025-08-29T23:06:53","date_gmt":"2025-08-29T23:06:53","guid":{"rendered":"https:\/\/cipele.ba\/shop\/uncategorized\/karl-lagerfeld-muska-patika-08mgl10011\/"},"modified":"2026-04-19T04:12:58","modified_gmt":"2026-04-19T04:12:58","slug":"karl-lagerfeld-muska-patika-08mgl10011","status":"publish","type":"product","link":"https:\/\/cipele.ba\/en\/shop\/muskarci\/muske-patike\/karl-lagerfeld-muska-patika-08mgl10011\/","title":{"rendered":"Karl Lagerfeld Mu\u0161ka patika 08MGL10011"},"content":{"rendered":"<p>Karl Lagerfeld kao jedan od najpoznatijih dizajnera 21. vijeka. Bio je njema\u010dki kreativni direktor, modni kreator, umjetnik, fotograf i karikaturista koji je \u017eivio u Parizu. Dizajner je osnovao sopstvenu liniju koja je prepoznatiljiva po njegovom liku sa crnim nao\u010darima. Iako je Karl Lagerfeld je prodao svoj brend grupi Tommy Hilfiger 2005. godine, n je ostao njegov glavni kreator i bio je direktno uklju\u010den u proces dizajniranja.<\/p>","protected":false},"excerpt":{"rendered":"<p>Karl Lagerfeld kao jedan od najpoznatijih dizajnera 21. vijeka. Bio je njema\u010dki kreativni direktor, modni kreator, umjetnik, fotograf i karikaturista koji je \u017eivio u Parizu. Dizajner je osnovao sopstvenu liniju koja je prepoznatiljiva po njegovom liku sa crnim nao\u010darima. Iako je Karl Lagerfeld je prodao svoj brend grupi Tommy Hilfiger 2005. godine, n je ostao [&hellip;]<\/p>","protected":false},"featured_media":20316,"template":"","meta":{"jetpack_post_was_ever_published":false},"product_brand":[86],"product_cat":[67],"product_tag":[],"class_list":{"0":"post-20320","1":"product","2":"type-product","3":"status-publish","4":"has-post-thumbnail","6":"product_brand-planika","7":"product_cat-muske-patike","9":"first","10":"instock","11":"shipping-taxable","12":"product-type-external"},"jetpack-related-posts":[],"jetpack_sharing_enabled":true,"_links":{"self":[{"href":"https:\/\/cipele.ba\/en\/wp-json\/wp\/v2\/product\/20320","targetHints":{"allow":["GET"]}}],"collection":[{"href":"https:\/\/cipele.ba\/en\/wp-json\/wp\/v2\/product"}],"about":[{"href":"https:\/\/cipele.ba\/en\/wp-json\/wp\/v2\/types\/product"}],"wp:featuredmedia":[{"embeddable":true,"href":"https:\/\/cipele.ba\/en\/wp-json\/wp\/v2\/media\/20316"}],"wp:attachment":[{"href":"https:\/\/cipele.ba\/en\/wp-json\/wp\/v2\/media?parent=20320"}],"wp:term":[{"taxonomy":"product_brand","embeddable":true,"href":"https:\/\/cipele.ba\/en\/wp-json\/wp\/v2\/product_brand?post=20320"},{"taxonomy":"product_cat","embeddable":true,"href":"https:\/\/cipele.ba\/en\/wp-json\/wp\/v2\/product_cat?post=20320"},{"taxonomy":"product_tag","embeddable":true,"href":"https:\/\/cipele.ba\/en\/wp-json\/wp\/v2\/product_tag?post=20320"}],"curies":[{"name":"wp","href":"https:\/\/api.w.org\/{rel}","templated":true}]}}