{"id":20674,"date":"2025-08-29T23:11:52","date_gmt":"2025-08-29T23:11:52","guid":{"rendered":"https:\/\/cipele.ba\/shop\/uncategorized\/adidas-muski-trekking-64mtn10111\/"},"modified":"2026-04-15T23:19:31","modified_gmt":"2026-04-15T23:19:31","slug":"adidas-muski-trekking-64mtn10111","status":"publish","type":"product","link":"https:\/\/cipele.ba\/en\/shop\/muskarci\/muske-patike\/adidas-muski-trekking-64mtn10111\/","title":{"rendered":"Adidas Mu\u0161ki trekking 64MTN10111"},"content":{"rendered":"","protected":false},"excerpt":{"rendered":"<p>Adidas je njema\u010dka multinacionalna korporacija, osnovana i sa sjedi\u0161tem u Herzogenaurachu, Bavarska, koja dizajnira i proizvodi obu\u0107u, odje\u0107u i dodatke. Najve\u0107i je proizvo\u0111a\u010d sportske odje\u0107e u Europi, a drugi najve\u0107i u svijetu, nakon Nikea.<\/p>","protected":false},"featured_media":20670,"template":"","meta":{"jetpack_post_was_ever_published":false},"product_brand":[86],"product_cat":[67],"product_tag":[],"class_list":{"0":"post-20674","1":"product","2":"type-product","3":"status-publish","4":"has-post-thumbnail","6":"product_brand-planika","7":"product_cat-muske-patike","9":"first","10":"instock","11":"sale","12":"shipping-taxable","13":"product-type-external"},"jetpack-related-posts":[],"jetpack_sharing_enabled":true,"_links":{"self":[{"href":"https:\/\/cipele.ba\/en\/wp-json\/wp\/v2\/product\/20674","targetHints":{"allow":["GET"]}}],"collection":[{"href":"https:\/\/cipele.ba\/en\/wp-json\/wp\/v2\/product"}],"about":[{"href":"https:\/\/cipele.ba\/en\/wp-json\/wp\/v2\/types\/product"}],"wp:featuredmedia":[{"embeddable":true,"href":"https:\/\/cipele.ba\/en\/wp-json\/wp\/v2\/media\/20670"}],"wp:attachment":[{"href":"https:\/\/cipele.ba\/en\/wp-json\/wp\/v2\/media?parent=20674"}],"wp:term":[{"taxonomy":"product_brand","embeddable":true,"href":"https:\/\/cipele.ba\/en\/wp-json\/wp\/v2\/product_brand?post=20674"},{"taxonomy":"product_cat","embeddable":true,"href":"https:\/\/cipele.ba\/en\/wp-json\/wp\/v2\/product_cat?post=20674"},{"taxonomy":"product_tag","embeddable":true,"href":"https:\/\/cipele.ba\/en\/wp-json\/wp\/v2\/product_tag?post=20674"}],"curies":[{"name":"wp","href":"https:\/\/api.w.org\/{rel}","templated":true}]}}