{"id":21051,"date":"2025-08-29T23:33:57","date_gmt":"2025-08-29T23:33:57","guid":{"rendered":"https:\/\/cipele.ba\/shop\/uncategorized\/boss-zenska-gleznjerica-07zgl10012\/"},"modified":"2026-04-18T11:24:15","modified_gmt":"2026-04-18T11:24:15","slug":"boss-zenska-gleznjerica-07zgl10012","status":"publish","type":"product","link":"https:\/\/cipele.ba\/en\/shop\/zene\/zenske-gleznjace\/boss-zenska-gleznjerica-07zgl10012\/","title":{"rendered":"Boss \u017denska gle\u017enjerica 07ZGL10012"},"content":{"rendered":"<p>Hugo Ferdinand Boss osnovao je kompaniju u gradu Metzingen, Njema\u010dka. Danas se tu nalazi sjedi\u0161te kompanije sa preko 13.800 zaposlenih. HUGO BOSS je fokusiran na tri strate\u0161ka prioriteta: podsticanje topline i \u010de\u017enje za brendom me\u0111u kupcima, odlu\u010dno iskori\u0161\u0107avanje globalnih prodajnih mogu\u0107nosti i dalje unapre\u0111enje operativne izvrsnosti. BOSS i HUGO su dva brenda kompanije, koji se jasno razlikuju po svom stilu, ali ispunjavaju iste visoke standarde kvaliteta, inovativnosti i odr\u017eivosti.<\/p>","protected":false},"excerpt":{"rendered":"<p>Hugo Ferdinand Boss osnovao je kompaniju u gradu Metzingen, Njema\u010dka. Danas se tu nalazi sjedi\u0161te kompanije sa preko 13.800 zaposlenih. HUGO BOSS je fokusiran na tri strate\u0161ka prioriteta: podsticanje topline i \u010de\u017enje za brendom me\u0111u kupcima, odlu\u010dno iskori\u0161\u0107avanje globalnih prodajnih mogu\u0107nosti i dalje unapre\u0111enje operativne izvrsnosti. BOSS i HUGO su dva brenda kompanije, koji se [&hellip;]<\/p>","protected":false},"featured_media":21047,"template":"","meta":{"jetpack_post_was_ever_published":false},"product_brand":[86],"product_cat":[64],"product_tag":[],"class_list":{"0":"post-21051","1":"product","2":"type-product","3":"status-publish","4":"has-post-thumbnail","6":"product_brand-planika","7":"product_cat-zenske-gleznjace","9":"first","10":"instock","11":"shipping-taxable","12":"product-type-external"},"jetpack-related-posts":[],"jetpack_sharing_enabled":true,"_links":{"self":[{"href":"https:\/\/cipele.ba\/en\/wp-json\/wp\/v2\/product\/21051","targetHints":{"allow":["GET"]}}],"collection":[{"href":"https:\/\/cipele.ba\/en\/wp-json\/wp\/v2\/product"}],"about":[{"href":"https:\/\/cipele.ba\/en\/wp-json\/wp\/v2\/types\/product"}],"wp:featuredmedia":[{"embeddable":true,"href":"https:\/\/cipele.ba\/en\/wp-json\/wp\/v2\/media\/21047"}],"wp:attachment":[{"href":"https:\/\/cipele.ba\/en\/wp-json\/wp\/v2\/media?parent=21051"}],"wp:term":[{"taxonomy":"product_brand","embeddable":true,"href":"https:\/\/cipele.ba\/en\/wp-json\/wp\/v2\/product_brand?post=21051"},{"taxonomy":"product_cat","embeddable":true,"href":"https:\/\/cipele.ba\/en\/wp-json\/wp\/v2\/product_cat?post=21051"},{"taxonomy":"product_tag","embeddable":true,"href":"https:\/\/cipele.ba\/en\/wp-json\/wp\/v2\/product_tag?post=21051"}],"curies":[{"name":"wp","href":"https:\/\/api.w.org\/{rel}","templated":true}]}}