{"id":21160,"date":"2025-08-29T23:35:20","date_gmt":"2025-08-29T23:35:20","guid":{"rendered":"https:\/\/cipele.ba\/shop\/uncategorized\/geox-zenska-gleznjerica-20zgl10072\/"},"modified":"2026-04-18T11:05:27","modified_gmt":"2026-04-18T11:05:27","slug":"geox-zenska-gleznjerica-20zgl10072","status":"publish","type":"product","link":"https:\/\/cipele.ba\/en\/shop\/zene\/zenske-gleznjace\/geox-zenska-gleznjerica-20zgl10072\/","title":{"rendered":"Geox \u017denska gle\u017enjerica 20ZGL10072"},"content":{"rendered":"<p>Geox je nastao prije 25 godina, kada je osniva\u010d Mario Moretti Polegato jednog dana hodao ku\u0107i pod posebno vrelim suncem Nevade, stopala su mu bila neugodna, vru\u0107a i znojna.Odlu\u010dio je da upotrebi svoj \u0161vicarski vojni no\u017e i isje\u010de male proreze na \u0111onovima svojih cipela \u0161to mu je odmah dalo olak\u0161anje, ali i ideju za biznis.U po\u010detku je to bio samo sporedni projekat. Polegato je zaposlio petoro ljudi iz svog lokalnog sela Biadene di Montebelluna, mladi i uglavnom neiskusni ljudi, ali ovo je bio tek po\u010detak, jer je samo 17 godina kasnije Geox zaposlio 30.000 ljudi \u0161irom svijetu, a istih pet ljudi koji su me\u0111u prvima bili anga\u017eovani i dalje rade za kompaniju.<\/p>","protected":false},"excerpt":{"rendered":"<p>Geox je nastao prije 25 godina, kada je osniva\u010d Mario Moretti Polegato jednog dana hodao ku\u0107i pod posebno vrelim suncem Nevade, stopala su mu bila neugodna, vru\u0107a i znojna.Odlu\u010dio je da upotrebi svoj \u0161vicarski vojni no\u017e i isje\u010de male proreze na \u0111onovima svojih cipela \u0161to mu je odmah dalo olak\u0161anje, ali i ideju za biznis.U [&hellip;]<\/p>","protected":false},"featured_media":21157,"template":"","meta":{"jetpack_post_was_ever_published":false},"product_brand":[86],"product_cat":[64],"product_tag":[],"class_list":{"0":"post-21160","1":"product","2":"type-product","3":"status-publish","4":"has-post-thumbnail","6":"product_brand-planika","7":"product_cat-zenske-gleznjace","9":"first","10":"instock","11":"shipping-taxable","12":"product-type-external"},"jetpack-related-posts":[],"jetpack_sharing_enabled":true,"_links":{"self":[{"href":"https:\/\/cipele.ba\/en\/wp-json\/wp\/v2\/product\/21160","targetHints":{"allow":["GET"]}}],"collection":[{"href":"https:\/\/cipele.ba\/en\/wp-json\/wp\/v2\/product"}],"about":[{"href":"https:\/\/cipele.ba\/en\/wp-json\/wp\/v2\/types\/product"}],"wp:featuredmedia":[{"embeddable":true,"href":"https:\/\/cipele.ba\/en\/wp-json\/wp\/v2\/media\/21157"}],"wp:attachment":[{"href":"https:\/\/cipele.ba\/en\/wp-json\/wp\/v2\/media?parent=21160"}],"wp:term":[{"taxonomy":"product_brand","embeddable":true,"href":"https:\/\/cipele.ba\/en\/wp-json\/wp\/v2\/product_brand?post=21160"},{"taxonomy":"product_cat","embeddable":true,"href":"https:\/\/cipele.ba\/en\/wp-json\/wp\/v2\/product_cat?post=21160"},{"taxonomy":"product_tag","embeddable":true,"href":"https:\/\/cipele.ba\/en\/wp-json\/wp\/v2\/product_tag?post=21160"}],"curies":[{"name":"wp","href":"https:\/\/api.w.org\/{rel}","templated":true}]}}