{"id":21212,"date":"2025-08-29T23:36:07","date_gmt":"2025-08-29T23:36:07","guid":{"rendered":"https:\/\/cipele.ba\/shop\/uncategorized\/nerogiardini-zenska-gleznjerica-09zgl10032\/"},"modified":"2026-04-28T17:48:31","modified_gmt":"2026-04-28T17:48:31","slug":"nerogiardini-zenska-gleznjerica-09zgl10032","status":"publish","type":"product","link":"https:\/\/cipele.ba\/en\/shop\/zene\/zenske-gleznjace\/nerogiardini-zenska-gleznjerica-09zgl10032\/","title":{"rendered":"NeroGiardini \u017denska gle\u017enjerica 09ZGL10032"},"content":{"rendered":"<p>NeroGiardini je renomirani italijanski brend specijalizovan za vrhunsku obu\u0107u, obu\u0107u za posebne prilike i modne dodatke. Brend je sinonim za eleganciju, sofisticiranost i udobnost, sa naglaskom na visokokvalitetne materijale i ru\u010dnu izradu. Ovaj brend se se pozicionira kao luksuzni, ali pristupa\u010dan brend za moderne kupce koji \u017eele spojiti stil i udobnost u svakodnevnim i formalnim prilikama.<\/p>","protected":false},"excerpt":{"rendered":"<p>NeroGiardini je renomirani italijanski brend specijalizovan za vrhunsku obu\u0107u, obu\u0107u za posebne prilike i modne dodatke. Brend je sinonim za eleganciju, sofisticiranost i udobnost, sa naglaskom na visokokvalitetne materijale i ru\u010dnu izradu. Ovaj brend se se pozicionira kao luksuzni, ali pristupa\u010dan brend za moderne kupce koji \u017eele spojiti stil i udobnost u svakodnevnim i formalnim [&hellip;]<\/p>","protected":false},"featured_media":21209,"template":"","meta":{"jetpack_post_was_ever_published":false},"product_brand":[86],"product_cat":[64],"product_tag":[],"class_list":{"0":"post-21212","1":"product","2":"type-product","3":"status-publish","4":"has-post-thumbnail","6":"product_brand-planika","7":"product_cat-zenske-gleznjace","9":"first","10":"instock","11":"shipping-taxable","12":"product-type-external"},"jetpack-related-posts":[],"jetpack_sharing_enabled":true,"_links":{"self":[{"href":"https:\/\/cipele.ba\/en\/wp-json\/wp\/v2\/product\/21212","targetHints":{"allow":["GET"]}}],"collection":[{"href":"https:\/\/cipele.ba\/en\/wp-json\/wp\/v2\/product"}],"about":[{"href":"https:\/\/cipele.ba\/en\/wp-json\/wp\/v2\/types\/product"}],"wp:featuredmedia":[{"embeddable":true,"href":"https:\/\/cipele.ba\/en\/wp-json\/wp\/v2\/media\/21209"}],"wp:attachment":[{"href":"https:\/\/cipele.ba\/en\/wp-json\/wp\/v2\/media?parent=21212"}],"wp:term":[{"taxonomy":"product_brand","embeddable":true,"href":"https:\/\/cipele.ba\/en\/wp-json\/wp\/v2\/product_brand?post=21212"},{"taxonomy":"product_cat","embeddable":true,"href":"https:\/\/cipele.ba\/en\/wp-json\/wp\/v2\/product_cat?post=21212"},{"taxonomy":"product_tag","embeddable":true,"href":"https:\/\/cipele.ba\/en\/wp-json\/wp\/v2\/product_tag?post=21212"}],"curies":[{"name":"wp","href":"https:\/\/api.w.org\/{rel}","templated":true}]}}