{"id":21314,"date":"2025-08-29T23:37:27","date_gmt":"2025-08-29T23:37:27","guid":{"rendered":"https:\/\/cipele.ba\/shop\/uncategorized\/legero-zenska-gleznjerica-69zgl11892\/"},"modified":"2026-04-16T01:36:03","modified_gmt":"2026-04-16T01:36:03","slug":"legero-zenska-gleznjerica-69zgl11892","status":"publish","type":"product","link":"https:\/\/cipele.ba\/en\/shop\/zene\/zenske-gleznjace\/legero-zenska-gleznjerica-69zgl11892\/","title":{"rendered":"Legero \u017denska gle\u017enjerica 69ZGL11892"},"content":{"rendered":"<p>Legero je brend Legero united \u2013 kompanije osnovane u Austriji 1872. godine. Danas je porodi\u010dna kompanija me\u0111unarodno uspje\u0161an proizvo\u0111a\u010d cipela sa sjedi\u0161tem u Grazu. Legero cipele imaju za cilj da inspiri\u0161u ljude, pobolj\u0161aju njihov kvalitet \u017eivota i o\u010duvaju prirodne resurse \u2013 sa dobro osmi\u0161ljenim dizajnom, odr\u017eivim materijalima i visokim nivoom udobnosti no\u0161enja.<\/p>","protected":false},"excerpt":{"rendered":"<p>Legero je brend Legero united \u2013 kompanije osnovane u Austriji 1872. godine. Danas je porodi\u010dna kompanija me\u0111unarodno uspje\u0161an proizvo\u0111a\u010d cipela sa sjedi\u0161tem u Grazu. Legero cipele imaju za cilj da inspiri\u0161u ljude, pobolj\u0161aju njihov kvalitet \u017eivota i o\u010duvaju prirodne resurse \u2013 sa dobro osmi\u0161ljenim dizajnom, odr\u017eivim materijalima i visokim nivoom udobnosti no\u0161enja.<\/p>","protected":false},"featured_media":21310,"template":"","meta":{"jetpack_post_was_ever_published":false},"product_brand":[86],"product_cat":[64],"product_tag":[],"class_list":{"0":"post-21314","1":"product","2":"type-product","3":"status-publish","4":"has-post-thumbnail","6":"product_brand-planika","7":"product_cat-zenske-gleznjace","9":"first","10":"instock","11":"shipping-taxable","12":"product-type-external"},"jetpack-related-posts":[],"jetpack_sharing_enabled":true,"_links":{"self":[{"href":"https:\/\/cipele.ba\/en\/wp-json\/wp\/v2\/product\/21314","targetHints":{"allow":["GET"]}}],"collection":[{"href":"https:\/\/cipele.ba\/en\/wp-json\/wp\/v2\/product"}],"about":[{"href":"https:\/\/cipele.ba\/en\/wp-json\/wp\/v2\/types\/product"}],"wp:featuredmedia":[{"embeddable":true,"href":"https:\/\/cipele.ba\/en\/wp-json\/wp\/v2\/media\/21310"}],"wp:attachment":[{"href":"https:\/\/cipele.ba\/en\/wp-json\/wp\/v2\/media?parent=21314"}],"wp:term":[{"taxonomy":"product_brand","embeddable":true,"href":"https:\/\/cipele.ba\/en\/wp-json\/wp\/v2\/product_brand?post=21314"},{"taxonomy":"product_cat","embeddable":true,"href":"https:\/\/cipele.ba\/en\/wp-json\/wp\/v2\/product_cat?post=21314"},{"taxonomy":"product_tag","embeddable":true,"href":"https:\/\/cipele.ba\/en\/wp-json\/wp\/v2\/product_tag?post=21314"}],"curies":[{"name":"wp","href":"https:\/\/api.w.org\/{rel}","templated":true}]}}