{"id":21384,"date":"2025-08-29T23:38:20","date_gmt":"2025-08-29T23:38:20","guid":{"rendered":"https:\/\/cipele.ba\/shop\/uncategorized\/mjus-zenska-gleznjerica-51zgl13152\/"},"modified":"2026-04-16T14:31:46","modified_gmt":"2026-04-16T14:31:46","slug":"mjus-zenska-gleznjerica-51zgl13152","status":"publish","type":"product","link":"https:\/\/cipele.ba\/en\/shop\/zene\/zenske-gleznjace\/mjus-zenska-gleznjerica-51zgl13152\/","title":{"rendered":"Mjus \u017denska gle\u017enjerica 51ZGL13152"},"content":{"rendered":"<p>Kompanija je osnovana 1972. godine u Col\u00e0 di Lazise blizu jezera Garda u Italiji. Zajedno sa svojim potomcima, Piero Oliosi, vlasnik i osniva\u010d Olip Italia S.p.A., garantuje beskompromisni kvalitet sa evropskom proizvodnjom. Kompanija je od svog ro\u0111enja evoluirala od kompanije bazirane na proizvodnji u kompaniju orijentisanu na brend.Kolekcije se razvijaju u italijanskom sjedi\u0161tu pod holandskim nadzorom, dok se proizvodnja odvija u vlastitoj tvornici u Bosni, pod stalnom kontrolom italijanskih stru\u010dnjaka. Svi materijali se kupuju od lokalnih dobavlja\u010da u Italiji.<\/p>","protected":false},"excerpt":{"rendered":"<p>Kompanija je osnovana 1972. godine u Col\u00e0 di Lazise blizu jezera Garda u Italiji. Zajedno sa svojim potomcima, Piero Oliosi, vlasnik i osniva\u010d Olip Italia S.p.A., garantuje beskompromisni kvalitet sa evropskom proizvodnjom. Kompanija je od svog ro\u0111enja evoluirala od kompanije bazirane na proizvodnji u kompaniju orijentisanu na brend.Kolekcije se razvijaju u italijanskom sjedi\u0161tu pod holandskim [&hellip;]<\/p>","protected":false},"featured_media":21380,"template":"","meta":{"jetpack_post_was_ever_published":false},"product_brand":[86],"product_cat":[64],"product_tag":[],"class_list":{"0":"post-21384","1":"product","2":"type-product","3":"status-publish","4":"has-post-thumbnail","6":"product_brand-planika","7":"product_cat-zenske-gleznjace","9":"first","10":"instock","11":"shipping-taxable","12":"product-type-external"},"jetpack-related-posts":[],"jetpack_sharing_enabled":true,"_links":{"self":[{"href":"https:\/\/cipele.ba\/en\/wp-json\/wp\/v2\/product\/21384","targetHints":{"allow":["GET"]}}],"collection":[{"href":"https:\/\/cipele.ba\/en\/wp-json\/wp\/v2\/product"}],"about":[{"href":"https:\/\/cipele.ba\/en\/wp-json\/wp\/v2\/types\/product"}],"wp:featuredmedia":[{"embeddable":true,"href":"https:\/\/cipele.ba\/en\/wp-json\/wp\/v2\/media\/21380"}],"wp:attachment":[{"href":"https:\/\/cipele.ba\/en\/wp-json\/wp\/v2\/media?parent=21384"}],"wp:term":[{"taxonomy":"product_brand","embeddable":true,"href":"https:\/\/cipele.ba\/en\/wp-json\/wp\/v2\/product_brand?post=21384"},{"taxonomy":"product_cat","embeddable":true,"href":"https:\/\/cipele.ba\/en\/wp-json\/wp\/v2\/product_cat?post=21384"},{"taxonomy":"product_tag","embeddable":true,"href":"https:\/\/cipele.ba\/en\/wp-json\/wp\/v2\/product_tag?post=21384"}],"curies":[{"name":"wp","href":"https:\/\/api.w.org\/{rel}","templated":true}]}}