{"id":21517,"date":"2025-08-29T23:39:56","date_gmt":"2025-08-29T23:39:56","guid":{"rendered":"https:\/\/cipele.ba\/shop\/uncategorized\/nine-west-zenska-gleznjerica-40zgl11532\/"},"modified":"2026-04-19T01:20:19","modified_gmt":"2026-04-19T01:20:19","slug":"nine-west-zenska-gleznjerica-40zgl11532","status":"publish","type":"product","link":"https:\/\/cipele.ba\/en\/shop\/zene\/zenske-gleznjace\/nine-west-zenska-gleznjerica-40zgl11532\/","title":{"rendered":"Nine West \u017denska gle\u017enjerica 40ZGL11532"},"content":{"rendered":"<p>Osnovan 1978. godine, brend Nine West dobio je ime po adresi osnivanja u 9 West 57th Street u New Yorku. Jo\u0161 uvijek dizajniran u srcu njujor\u0161ke modne \u010detvrti, Nine West je prisutan u 78 zemalja \u0161irom svijeta. Svaka kolekcija utjelovljuje ravnote\u017eu na\u0161eg modernog njujor\u0161kog naslije\u0111a i su\u0161tinskog australskog stila. Slavimo modernu \u017eenu, koja vodi vi\u0161estruki na\u010din \u017eivota, podjednako se bavi radom i igrom.Svaka kolekcija ilustrira posve\u0107enost balansiranju osnovnih komada s kultnim trendovima sezone, uvijek zadr\u017eavaju\u0107i fokus na nosivosti, kvaliteti i stilu.<\/p>","protected":false},"excerpt":{"rendered":"<p>Osnovan 1978. godine, brend Nine West dobio je ime po adresi osnivanja u 9 West 57th Street u New Yorku. Jo\u0161 uvijek dizajniran u srcu njujor\u0161ke modne \u010detvrti, Nine West je prisutan u 78 zemalja \u0161irom svijeta. Svaka kolekcija utjelovljuje ravnote\u017eu na\u0161eg modernog njujor\u0161kog naslije\u0111a i su\u0161tinskog australskog stila. Slavimo modernu \u017eenu, koja vodi vi\u0161estruki [&hellip;]<\/p>","protected":false},"featured_media":21513,"template":"","meta":{"jetpack_post_was_ever_published":false},"product_brand":[86],"product_cat":[64],"product_tag":[],"class_list":{"0":"post-21517","1":"product","2":"type-product","3":"status-publish","4":"has-post-thumbnail","6":"product_brand-planika","7":"product_cat-zenske-gleznjace","9":"first","10":"instock","11":"shipping-taxable","12":"product-type-external"},"jetpack-related-posts":[],"jetpack_sharing_enabled":true,"_links":{"self":[{"href":"https:\/\/cipele.ba\/en\/wp-json\/wp\/v2\/product\/21517","targetHints":{"allow":["GET"]}}],"collection":[{"href":"https:\/\/cipele.ba\/en\/wp-json\/wp\/v2\/product"}],"about":[{"href":"https:\/\/cipele.ba\/en\/wp-json\/wp\/v2\/types\/product"}],"wp:featuredmedia":[{"embeddable":true,"href":"https:\/\/cipele.ba\/en\/wp-json\/wp\/v2\/media\/21513"}],"wp:attachment":[{"href":"https:\/\/cipele.ba\/en\/wp-json\/wp\/v2\/media?parent=21517"}],"wp:term":[{"taxonomy":"product_brand","embeddable":true,"href":"https:\/\/cipele.ba\/en\/wp-json\/wp\/v2\/product_brand?post=21517"},{"taxonomy":"product_cat","embeddable":true,"href":"https:\/\/cipele.ba\/en\/wp-json\/wp\/v2\/product_cat?post=21517"},{"taxonomy":"product_tag","embeddable":true,"href":"https:\/\/cipele.ba\/en\/wp-json\/wp\/v2\/product_tag?post=21517"}],"curies":[{"name":"wp","href":"https:\/\/api.w.org\/{rel}","templated":true}]}}