{"id":22257,"date":"2025-08-30T00:27:08","date_gmt":"2025-08-30T00:27:08","guid":{"rendered":"https:\/\/cipele.ba\/shop\/uncategorized\/hogl-zenska-patika-49zcj13582\/"},"modified":"2026-04-19T00:08:44","modified_gmt":"2026-04-19T00:08:44","slug":"hogl-zenska-patika-49zcj13582","status":"publish","type":"product","link":"https:\/\/cipele.ba\/en\/shop\/zene\/zenske-patike\/hogl-zenska-patika-49zcj13582\/","title":{"rendered":"Hogl \u017denska patika 49ZCJ13582"},"content":{"rendered":"","protected":false},"excerpt":{"rendered":"<p>Austrijska porodi\u010dna kompanija sa 85-godi\u0161njom historijom, oblikovani dugom tradicijom, \u017eivim vrijednostima i razvijenom stru\u010dno\u0161\u0107u u trgovini obu\u0107om. H\u00f6gl cipela je rezultat vi\u0161edecenijskog iskustva u tradicionalnoj proizvodnji cipela.<\/p>","protected":false},"featured_media":22253,"template":"","meta":{"jetpack_post_was_ever_published":false},"product_brand":[86],"product_cat":[63],"product_tag":[],"class_list":{"0":"post-22257","1":"product","2":"type-product","3":"status-publish","4":"has-post-thumbnail","6":"product_brand-planika","7":"product_cat-zenske-patike","9":"first","10":"instock","11":"shipping-taxable","12":"product-type-external"},"jetpack-related-posts":[],"jetpack_sharing_enabled":true,"_links":{"self":[{"href":"https:\/\/cipele.ba\/en\/wp-json\/wp\/v2\/product\/22257","targetHints":{"allow":["GET"]}}],"collection":[{"href":"https:\/\/cipele.ba\/en\/wp-json\/wp\/v2\/product"}],"about":[{"href":"https:\/\/cipele.ba\/en\/wp-json\/wp\/v2\/types\/product"}],"wp:featuredmedia":[{"embeddable":true,"href":"https:\/\/cipele.ba\/en\/wp-json\/wp\/v2\/media\/22253"}],"wp:attachment":[{"href":"https:\/\/cipele.ba\/en\/wp-json\/wp\/v2\/media?parent=22257"}],"wp:term":[{"taxonomy":"product_brand","embeddable":true,"href":"https:\/\/cipele.ba\/en\/wp-json\/wp\/v2\/product_brand?post=22257"},{"taxonomy":"product_cat","embeddable":true,"href":"https:\/\/cipele.ba\/en\/wp-json\/wp\/v2\/product_cat?post=22257"},{"taxonomy":"product_tag","embeddable":true,"href":"https:\/\/cipele.ba\/en\/wp-json\/wp\/v2\/product_tag?post=22257"}],"curies":[{"name":"wp","href":"https:\/\/api.w.org\/{rel}","templated":true}]}}