{"id":22390,"date":"2025-08-30T00:28:43","date_gmt":"2025-08-30T00:28:43","guid":{"rendered":"https:\/\/cipele.ba\/shop\/uncategorized\/rieker-zenska-patika-13zgl11122\/"},"modified":"2026-04-18T17:28:43","modified_gmt":"2026-04-18T17:28:43","slug":"rieker-zenska-patika-13zgl11122","status":"publish","type":"product","link":"https:\/\/cipele.ba\/en\/shop\/zene\/zenske-patike\/rieker-zenska-patika-13zgl11122\/","title":{"rendered":"Rieker \u017denska patika 13ZGL11122"},"content":{"rendered":"<p>Osnovan u regiji \u0160varcvald u ju\u017enoj Njema\u010dkoj 1874. godine, Rieker je prvobitno proizvodio cipele za bogate gra\u0111ane sjeverne Italije. Kompanija je ubrzo stekla reputaciju kvaliteta i ugradila se u ime doma\u0107ina u srednjoj Evropi. Kompanija je u porodi\u010dnom vlasni\u0161tvu ve\u0107 5 generacija i njena posve\u0107enost kvalitetu i stilu je osigurala kontinuirani rast ve\u0107 30 godina.Po\u010detkom 1970-ih novo sjedi\u0161te je uspostavljeno u \u0160vicarskoj, a proizvodnja se preselila iz Evrope. Danas Rieker zapo\u0161ljava oko 20.000 ljudi u 3 dizajnerske jedinice, 16 veleprodajnih jedinica i u vlastitim proizvodnim jedinicama u isto\u010dnoj Europi, sjevernoj Africi i Vijetnamu.Rieker antistres obu\u0107a je jedinstvena. Da bi se odr\u017eao integritet svojih posebnih konstrukcija, zajedno sa fleksibilno\u0161\u0107u da brzo reaguje na modne trendove, prakti\u010dno sve \u0161to Rieker prodaje proizvodi Rieker.<\/p>","protected":false},"excerpt":{"rendered":"<p>Osnovan u regiji \u0160varcvald u ju\u017enoj Njema\u010dkoj 1874. godine, Rieker je prvobitno proizvodio cipele za bogate gra\u0111ane sjeverne Italije. Kompanija je ubrzo stekla reputaciju kvaliteta i ugradila se u ime doma\u0107ina u srednjoj Evropi. Kompanija je u porodi\u010dnom vlasni\u0161tvu ve\u0107 5 generacija i njena posve\u0107enost kvalitetu i stilu je osigurala kontinuirani rast ve\u0107 30 godina.Po\u010detkom [&hellip;]<\/p>","protected":false},"featured_media":22387,"template":"","meta":{"jetpack_post_was_ever_published":false},"product_brand":[86],"product_cat":[63],"product_tag":[],"class_list":{"0":"post-22390","1":"product","2":"type-product","3":"status-publish","4":"has-post-thumbnail","6":"product_brand-planika","7":"product_cat-zenske-patike","9":"first","10":"instock","11":"shipping-taxable","12":"product-type-external"},"jetpack-related-posts":[],"jetpack_sharing_enabled":true,"_links":{"self":[{"href":"https:\/\/cipele.ba\/en\/wp-json\/wp\/v2\/product\/22390","targetHints":{"allow":["GET"]}}],"collection":[{"href":"https:\/\/cipele.ba\/en\/wp-json\/wp\/v2\/product"}],"about":[{"href":"https:\/\/cipele.ba\/en\/wp-json\/wp\/v2\/types\/product"}],"wp:featuredmedia":[{"embeddable":true,"href":"https:\/\/cipele.ba\/en\/wp-json\/wp\/v2\/media\/22387"}],"wp:attachment":[{"href":"https:\/\/cipele.ba\/en\/wp-json\/wp\/v2\/media?parent=22390"}],"wp:term":[{"taxonomy":"product_brand","embeddable":true,"href":"https:\/\/cipele.ba\/en\/wp-json\/wp\/v2\/product_brand?post=22390"},{"taxonomy":"product_cat","embeddable":true,"href":"https:\/\/cipele.ba\/en\/wp-json\/wp\/v2\/product_cat?post=22390"},{"taxonomy":"product_tag","embeddable":true,"href":"https:\/\/cipele.ba\/en\/wp-json\/wp\/v2\/product_tag?post=22390"}],"curies":[{"name":"wp","href":"https:\/\/api.w.org\/{rel}","templated":true}]}}