{"id":22468,"date":"2025-08-30T00:29:38","date_gmt":"2025-08-30T00:29:38","guid":{"rendered":"https:\/\/cipele.ba\/shop\/uncategorized\/aldo-zenska-patika-17zcj17012\/"},"modified":"2026-04-16T08:31:33","modified_gmt":"2026-04-16T08:31:33","slug":"aldo-zenska-patika-17zcj17012","status":"publish","type":"product","link":"https:\/\/cipele.ba\/en\/shop\/zene\/zenske-patike\/aldo-zenska-patika-17zcj17012\/","title":{"rendered":"Aldo \u017denska patika 17ZCJ17012"},"content":{"rendered":"<p>Aldo brend, osnovan 1972. godine u Montrealu, Kanadi. Aldo Bensadoun \u2013 sin trgovca cipelama, unuk postolara \u2013 krenuo je da ostvari san. Naoru\u017ean stra\u0161\u0107u i duboko ukorijenjenim razumijevanjem poslovanja s obu\u0107om, zamislio je druga\u010diju vrstu kompanije, brend koji brine. Dizajniraju\u0107i obu\u0107u i modne dodatke, \u017eele napraviti razliku. Ne samo da stvari izgledaju dobro, ve\u0107 rade\u0107i stvari koje \u010dine dobro. Do\u010dekuju\u0107i, slave\u0107i i pokazuju\u0107i ljubav svima, svuda. Po\u0161tuju\u0107i na\u0161 zanat, jedni druge i planetu koju svi dijelimo. Ostaju\u0107i vjerni svijetu i onome u \u0161ta vjeruju, svaki dan i u svemu \u0161to rade.<\/p>","protected":false},"excerpt":{"rendered":"<p>Aldo brend, osnovan 1972. godine u Montrealu, Kanadi. Aldo Bensadoun \u2013 sin trgovca cipelama, unuk postolara \u2013 krenuo je da ostvari san. Naoru\u017ean stra\u0161\u0107u i duboko ukorijenjenim razumijevanjem poslovanja s obu\u0107om, zamislio je druga\u010diju vrstu kompanije, brend koji brine. Dizajniraju\u0107i obu\u0107u i modne dodatke, \u017eele napraviti razliku. Ne samo da stvari izgledaju dobro, ve\u0107 rade\u0107i [&hellip;]<\/p>","protected":false},"featured_media":22465,"template":"","meta":{"jetpack_post_was_ever_published":false},"product_brand":[86],"product_cat":[63],"product_tag":[],"class_list":{"0":"post-22468","1":"product","2":"type-product","3":"status-publish","4":"has-post-thumbnail","6":"product_brand-planika","7":"product_cat-zenske-patike","9":"first","10":"instock","11":"shipping-taxable","12":"product-type-external"},"jetpack-related-posts":[],"jetpack_sharing_enabled":true,"_links":{"self":[{"href":"https:\/\/cipele.ba\/en\/wp-json\/wp\/v2\/product\/22468","targetHints":{"allow":["GET"]}}],"collection":[{"href":"https:\/\/cipele.ba\/en\/wp-json\/wp\/v2\/product"}],"about":[{"href":"https:\/\/cipele.ba\/en\/wp-json\/wp\/v2\/types\/product"}],"wp:featuredmedia":[{"embeddable":true,"href":"https:\/\/cipele.ba\/en\/wp-json\/wp\/v2\/media\/22465"}],"wp:attachment":[{"href":"https:\/\/cipele.ba\/en\/wp-json\/wp\/v2\/media?parent=22468"}],"wp:term":[{"taxonomy":"product_brand","embeddable":true,"href":"https:\/\/cipele.ba\/en\/wp-json\/wp\/v2\/product_brand?post=22468"},{"taxonomy":"product_cat","embeddable":true,"href":"https:\/\/cipele.ba\/en\/wp-json\/wp\/v2\/product_cat?post=22468"},{"taxonomy":"product_tag","embeddable":true,"href":"https:\/\/cipele.ba\/en\/wp-json\/wp\/v2\/product_tag?post=22468"}],"curies":[{"name":"wp","href":"https:\/\/api.w.org\/{rel}","templated":true}]}}