{"id":22514,"date":"2025-08-30T00:30:13","date_gmt":"2025-08-30T00:30:13","guid":{"rendered":"https:\/\/cipele.ba\/shop\/uncategorized\/replay-zenska-patika-90zcj10832\/"},"modified":"2026-04-18T20:57:37","modified_gmt":"2026-04-18T20:57:37","slug":"replay-zenska-patika-90zcj10832","status":"publish","type":"product","link":"https:\/\/cipele.ba\/en\/shop\/zene\/zenske-patike\/replay-zenska-patika-90zcj10832\/","title":{"rendered":"Replay \u017denska patika 90ZCJ10832"},"content":{"rendered":"<p>Osnovana 1981., Fashion Box S.p.A. danas je jedna od vode\u0107ih me\u0111unarodnih tvrtki u sektoru trapera. Italijanska grupa sa sjedi\u0161tem u Asolu (Treviso) stvara, promovira i distribuira mu\u0161ku, \u017eensku i dje\u010dju le\u017eernu odje\u0107u, dodatke i obu\u0107u. Posluje pod brendovima REPLAY, REPLAY&amp;SONS, MI SMO REPLAY. Grupa posluje na svim europskim tr\u017ei\u0161tima, Bliskom istoku, Aziji, Americi i Africi s proizvodima koji se prodaju u vi\u0161e od 50 zemalja. Replay pojedina\u010dnih trgovina ima 120. Multi-brand prodajnih mjesta ima oko 3000.<\/p>","protected":false},"excerpt":{"rendered":"<p>Osnovana 1981., Fashion Box S.p.A. danas je jedna od vode\u0107ih me\u0111unarodnih tvrtki u sektoru trapera. Italijanska grupa sa sjedi\u0161tem u Asolu (Treviso) stvara, promovira i distribuira mu\u0161ku, \u017eensku i dje\u010dju le\u017eernu odje\u0107u, dodatke i obu\u0107u. Posluje pod brendovima REPLAY, REPLAY&amp;SONS, MI SMO REPLAY. Grupa posluje na svim europskim tr\u017ei\u0161tima, Bliskom istoku, Aziji, Americi i Africi [&hellip;]<\/p>","protected":false},"featured_media":22512,"template":"","meta":{"jetpack_post_was_ever_published":false},"product_brand":[86],"product_cat":[63],"product_tag":[],"class_list":{"0":"post-22514","1":"product","2":"type-product","3":"status-publish","4":"has-post-thumbnail","6":"product_brand-planika","7":"product_cat-zenske-patike","9":"first","10":"instock","11":"shipping-taxable","12":"product-type-external"},"jetpack-related-posts":[],"jetpack_sharing_enabled":true,"_links":{"self":[{"href":"https:\/\/cipele.ba\/en\/wp-json\/wp\/v2\/product\/22514","targetHints":{"allow":["GET"]}}],"collection":[{"href":"https:\/\/cipele.ba\/en\/wp-json\/wp\/v2\/product"}],"about":[{"href":"https:\/\/cipele.ba\/en\/wp-json\/wp\/v2\/types\/product"}],"wp:featuredmedia":[{"embeddable":true,"href":"https:\/\/cipele.ba\/en\/wp-json\/wp\/v2\/media\/22512"}],"wp:attachment":[{"href":"https:\/\/cipele.ba\/en\/wp-json\/wp\/v2\/media?parent=22514"}],"wp:term":[{"taxonomy":"product_brand","embeddable":true,"href":"https:\/\/cipele.ba\/en\/wp-json\/wp\/v2\/product_brand?post=22514"},{"taxonomy":"product_cat","embeddable":true,"href":"https:\/\/cipele.ba\/en\/wp-json\/wp\/v2\/product_cat?post=22514"},{"taxonomy":"product_tag","embeddable":true,"href":"https:\/\/cipele.ba\/en\/wp-json\/wp\/v2\/product_tag?post=22514"}],"curies":[{"name":"wp","href":"https:\/\/api.w.org\/{rel}","templated":true}]}}