{"id":22865,"date":"2025-08-30T00:53:32","date_gmt":"2025-08-30T00:53:32","guid":{"rendered":"https:\/\/cipele.ba\/shop\/uncategorized\/new-balance-patike-dynasoft-nitrel-v5-gtx\/"},"modified":"2026-03-29T16:06:38","modified_gmt":"2026-03-29T16:06:38","slug":"new-balance-patike-dynasoft-nitrel-v5-gtx","status":"publish","type":"product","link":"https:\/\/cipele.ba\/en\/shop\/muskarci\/muske-patike\/new-balance-patike-dynasoft-nitrel-v5-gtx\/","title":{"rendered":"New Balance Patike DynaSoft Nitrel v5 GTX"},"content":{"rendered":"","protected":false},"excerpt":{"rendered":"<p>New Balance DynaSoft GTX mu\u0161ke patike za trail tr\u010danje. Robustan AT Tread \u0111on pouzdan za razli\u010dite terene.<\/p>","protected":false},"featured_media":22861,"template":"","meta":{"jetpack_post_was_ever_published":false},"product_brand":[89],"product_cat":[67],"product_tag":[],"class_list":{"0":"post-22865","1":"product","2":"type-product","3":"status-publish","4":"has-post-thumbnail","6":"product_brand-mocca_commerce","7":"product_cat-muske-patike","9":"first","10":"instock","11":"shipping-taxable","12":"product-type-external"},"jetpack-related-posts":[],"jetpack_sharing_enabled":true,"_links":{"self":[{"href":"https:\/\/cipele.ba\/en\/wp-json\/wp\/v2\/product\/22865","targetHints":{"allow":["GET"]}}],"collection":[{"href":"https:\/\/cipele.ba\/en\/wp-json\/wp\/v2\/product"}],"about":[{"href":"https:\/\/cipele.ba\/en\/wp-json\/wp\/v2\/types\/product"}],"wp:featuredmedia":[{"embeddable":true,"href":"https:\/\/cipele.ba\/en\/wp-json\/wp\/v2\/media\/22861"}],"wp:attachment":[{"href":"https:\/\/cipele.ba\/en\/wp-json\/wp\/v2\/media?parent=22865"}],"wp:term":[{"taxonomy":"product_brand","embeddable":true,"href":"https:\/\/cipele.ba\/en\/wp-json\/wp\/v2\/product_brand?post=22865"},{"taxonomy":"product_cat","embeddable":true,"href":"https:\/\/cipele.ba\/en\/wp-json\/wp\/v2\/product_cat?post=22865"},{"taxonomy":"product_tag","embeddable":true,"href":"https:\/\/cipele.ba\/en\/wp-json\/wp\/v2\/product_tag?post=22865"}],"curies":[{"name":"wp","href":"https:\/\/api.w.org\/{rel}","templated":true}]}}