{"id":22872,"date":"2025-08-30T00:53:35","date_gmt":"2025-08-30T00:53:35","guid":{"rendered":"https:\/\/cipele.ba\/shop\/uncategorized\/new-balance-patike-878-3\/"},"modified":"2026-04-21T10:33:32","modified_gmt":"2026-04-21T10:33:32","slug":"new-balance-patike-878-3","status":"publish","type":"product","link":"https:\/\/cipele.ba\/en\/shop\/muskarci\/muske-patike\/new-balance-patike-878-3\/","title":{"rendered":"New Balance Patike 878"},"content":{"rendered":"<p>New Balance 878 CM878MG1 je izvrstan izbor ako tra\u017ei\u0161 patike koje spajaju retro estetiku s modernom funkcionalno\u0161\u0107u: kvalitetni materijali, udobna amortizacija, izdr\u017eljiv potplat i dizajn koji pristaje svakom stilu \u2013 idealne za svakodnevni urbani lifestyle.<\/p>","protected":false},"excerpt":{"rendered":"<p>New Balance 878 CM878MG1 je izvrstan izbor ako tra\u017ei\u0161 patike koje spajaju retro estetiku s modernom funkcionalno\u0161\u0107u: kvalitetni materijali, udobna amortizacija, izdr\u017eljiv potplat i dizajn koji pristaje svakom stilu \u2013 idealne za svakodnevni urbani lifestyle.<\/p>","protected":false},"featured_media":22869,"template":"","meta":{"jetpack_post_was_ever_published":false},"product_brand":[89],"product_cat":[67],"product_tag":[],"class_list":{"0":"post-22872","1":"product","2":"type-product","3":"status-publish","4":"has-post-thumbnail","6":"product_brand-mocca_commerce","7":"product_cat-muske-patike","9":"first","10":"instock","11":"shipping-taxable","12":"product-type-external"},"jetpack-related-posts":[],"jetpack_sharing_enabled":true,"_links":{"self":[{"href":"https:\/\/cipele.ba\/en\/wp-json\/wp\/v2\/product\/22872","targetHints":{"allow":["GET"]}}],"collection":[{"href":"https:\/\/cipele.ba\/en\/wp-json\/wp\/v2\/product"}],"about":[{"href":"https:\/\/cipele.ba\/en\/wp-json\/wp\/v2\/types\/product"}],"wp:featuredmedia":[{"embeddable":true,"href":"https:\/\/cipele.ba\/en\/wp-json\/wp\/v2\/media\/22869"}],"wp:attachment":[{"href":"https:\/\/cipele.ba\/en\/wp-json\/wp\/v2\/media?parent=22872"}],"wp:term":[{"taxonomy":"product_brand","embeddable":true,"href":"https:\/\/cipele.ba\/en\/wp-json\/wp\/v2\/product_brand?post=22872"},{"taxonomy":"product_cat","embeddable":true,"href":"https:\/\/cipele.ba\/en\/wp-json\/wp\/v2\/product_cat?post=22872"},{"taxonomy":"product_tag","embeddable":true,"href":"https:\/\/cipele.ba\/en\/wp-json\/wp\/v2\/product_tag?post=22872"}],"curies":[{"name":"wp","href":"https:\/\/api.w.org\/{rel}","templated":true}]}}