{"id":22883,"date":"2025-08-30T00:53:44","date_gmt":"2025-08-30T00:53:44","guid":{"rendered":"https:\/\/cipele.ba\/shop\/uncategorized\/adidas-patike-terrex-swift-r2-gtx-gore-tex-2\/"},"modified":"2026-04-19T09:14:19","modified_gmt":"2026-04-19T09:14:19","slug":"adidas-patike-terrex-swift-r2-gtx-gore-tex-2","status":"publish","type":"product","link":"https:\/\/cipele.ba\/en\/shop\/muskarci\/muske-patike\/adidas-patike-terrex-swift-r2-gtx-gore-tex-2\/","title":{"rendered":"Adidas Patike Terrex Swift R2 GTX (Gore-tex)"},"content":{"rendered":"","protected":false},"excerpt":{"rendered":"<p>Adidas Terrex Swift R2 GORE-TEX su izvanredne patike za sve avanturiste i ljubitelje prirode. Ove patike savr\u0161eno spajaju izdr\u017eljivost, udobnost i stabilnost kako bi vam pru\u017eile vrhunsku podr\u0161ku na svim terenima.<\/p>","protected":false},"featured_media":22882,"template":"","meta":{"jetpack_post_was_ever_published":false},"product_brand":[89],"product_cat":[67],"product_tag":[],"class_list":{"0":"post-22883","1":"product","2":"type-product","3":"status-publish","4":"has-post-thumbnail","6":"product_brand-mocca_commerce","7":"product_cat-muske-patike","9":"first","10":"instock","11":"shipping-taxable","12":"product-type-external"},"jetpack-related-posts":[],"jetpack_sharing_enabled":true,"_links":{"self":[{"href":"https:\/\/cipele.ba\/en\/wp-json\/wp\/v2\/product\/22883","targetHints":{"allow":["GET"]}}],"collection":[{"href":"https:\/\/cipele.ba\/en\/wp-json\/wp\/v2\/product"}],"about":[{"href":"https:\/\/cipele.ba\/en\/wp-json\/wp\/v2\/types\/product"}],"wp:featuredmedia":[{"embeddable":true,"href":"https:\/\/cipele.ba\/en\/wp-json\/wp\/v2\/media\/22882"}],"wp:attachment":[{"href":"https:\/\/cipele.ba\/en\/wp-json\/wp\/v2\/media?parent=22883"}],"wp:term":[{"taxonomy":"product_brand","embeddable":true,"href":"https:\/\/cipele.ba\/en\/wp-json\/wp\/v2\/product_brand?post=22883"},{"taxonomy":"product_cat","embeddable":true,"href":"https:\/\/cipele.ba\/en\/wp-json\/wp\/v2\/product_cat?post=22883"},{"taxonomy":"product_tag","embeddable":true,"href":"https:\/\/cipele.ba\/en\/wp-json\/wp\/v2\/product_tag?post=22883"}],"curies":[{"name":"wp","href":"https:\/\/api.w.org\/{rel}","templated":true}]}}