{"id":22886,"date":"2025-08-30T00:53:45","date_gmt":"2025-08-30T00:53:45","guid":{"rendered":"https:\/\/cipele.ba\/shop\/uncategorized\/new-balance-patike-530-2\/"},"modified":"2026-04-15T07:36:35","modified_gmt":"2026-04-15T07:36:35","slug":"new-balance-patike-530-2","status":"publish","type":"product","link":"https:\/\/cipele.ba\/en\/shop\/muskarci\/muske-patike\/new-balance-patike-530-2\/","title":{"rendered":"New Balance Patike 530"},"content":{"rendered":"<p>New Balance 530 je model koji kombinuje retro estetiku sa po\u010detka 2000-ih s modernim komforom i funkcionalno\u0161\u0107u. Prvobitno zami\u0161ljen kao trka\u010dka patika, danas je prepoznat kao popularan lifestyle izbor zahvaljuju\u0107i svom sportskom izgledu, udobnosti i svestranosti.<\/p>","protected":false},"excerpt":{"rendered":"<p>New Balance 530 je model koji kombinuje retro estetiku sa po\u010detka 2000-ih s modernim komforom i funkcionalno\u0161\u0107u. Prvobitno zami\u0161ljen kao trka\u010dka patika, danas je prepoznat kao popularan lifestyle izbor zahvaljuju\u0107i svom sportskom izgledu, udobnosti i svestranosti.<\/p>","protected":false},"featured_media":22884,"template":"","meta":{"jetpack_post_was_ever_published":false},"product_brand":[89],"product_cat":[67],"product_tag":[],"class_list":{"0":"post-22886","1":"product","2":"type-product","3":"status-publish","4":"has-post-thumbnail","6":"product_brand-mocca_commerce","7":"product_cat-muske-patike","9":"first","10":"instock","11":"shipping-taxable","12":"product-type-external"},"jetpack-related-posts":[],"jetpack_sharing_enabled":true,"_links":{"self":[{"href":"https:\/\/cipele.ba\/en\/wp-json\/wp\/v2\/product\/22886","targetHints":{"allow":["GET"]}}],"collection":[{"href":"https:\/\/cipele.ba\/en\/wp-json\/wp\/v2\/product"}],"about":[{"href":"https:\/\/cipele.ba\/en\/wp-json\/wp\/v2\/types\/product"}],"wp:featuredmedia":[{"embeddable":true,"href":"https:\/\/cipele.ba\/en\/wp-json\/wp\/v2\/media\/22884"}],"wp:attachment":[{"href":"https:\/\/cipele.ba\/en\/wp-json\/wp\/v2\/media?parent=22886"}],"wp:term":[{"taxonomy":"product_brand","embeddable":true,"href":"https:\/\/cipele.ba\/en\/wp-json\/wp\/v2\/product_brand?post=22886"},{"taxonomy":"product_cat","embeddable":true,"href":"https:\/\/cipele.ba\/en\/wp-json\/wp\/v2\/product_cat?post=22886"},{"taxonomy":"product_tag","embeddable":true,"href":"https:\/\/cipele.ba\/en\/wp-json\/wp\/v2\/product_tag?post=22886"}],"curies":[{"name":"wp","href":"https:\/\/api.w.org\/{rel}","templated":true}]}}