{"id":22895,"date":"2025-08-30T00:53:51","date_gmt":"2025-08-30T00:53:51","guid":{"rendered":"https:\/\/cipele.ba\/shop\/uncategorized\/adidas-patike-alphabounce\/"},"modified":"2026-04-16T06:13:09","modified_gmt":"2026-04-16T06:13:09","slug":"adidas-patike-alphabounce","status":"publish","type":"product","link":"https:\/\/cipele.ba\/en\/shop\/muskarci\/muske-patike\/adidas-patike-alphabounce\/","title":{"rendered":"Adidas Patike Alphabounce +"},"content":{"rendered":"<p>Idite u tu \u0161etnju po susjedstvu ili idite u teretanu u paru adidas Alphabounce+ cipela. Mre\u017easti gornji dio je mekan i prozra\u010dan kako bi vam bilo udobno dok idete. Bounce srednji potplat \u010dini vo\u017enju mekom i elasti\u010dnom, dok Cloudfoam na peti ubla\u017eava svaki korak, tako da mo\u017eete nesmetano krstariti kroz dan.<\/p>","protected":false},"excerpt":{"rendered":"<p>Idite u tu \u0161etnju po susjedstvu ili idite u teretanu u paru adidas Alphabounce+ cipela. Mre\u017easti gornji dio je mekan i prozra\u010dan kako bi vam bilo udobno dok idete. Bounce srednji potplat \u010dini vo\u017enju mekom i elasti\u010dnom, dok Cloudfoam na peti ubla\u017eava svaki korak, tako da mo\u017eete nesmetano krstariti kroz dan.<\/p>","protected":false},"featured_media":22894,"template":"","meta":{"jetpack_post_was_ever_published":false},"product_brand":[89],"product_cat":[67],"product_tag":[],"class_list":{"0":"post-22895","1":"product","2":"type-product","3":"status-publish","4":"has-post-thumbnail","6":"product_brand-mocca_commerce","7":"product_cat-muske-patike","9":"first","10":"instock","11":"shipping-taxable","12":"product-type-external"},"jetpack-related-posts":[],"jetpack_sharing_enabled":true,"_links":{"self":[{"href":"https:\/\/cipele.ba\/en\/wp-json\/wp\/v2\/product\/22895","targetHints":{"allow":["GET"]}}],"collection":[{"href":"https:\/\/cipele.ba\/en\/wp-json\/wp\/v2\/product"}],"about":[{"href":"https:\/\/cipele.ba\/en\/wp-json\/wp\/v2\/types\/product"}],"wp:featuredmedia":[{"embeddable":true,"href":"https:\/\/cipele.ba\/en\/wp-json\/wp\/v2\/media\/22894"}],"wp:attachment":[{"href":"https:\/\/cipele.ba\/en\/wp-json\/wp\/v2\/media?parent=22895"}],"wp:term":[{"taxonomy":"product_brand","embeddable":true,"href":"https:\/\/cipele.ba\/en\/wp-json\/wp\/v2\/product_brand?post=22895"},{"taxonomy":"product_cat","embeddable":true,"href":"https:\/\/cipele.ba\/en\/wp-json\/wp\/v2\/product_cat?post=22895"},{"taxonomy":"product_tag","embeddable":true,"href":"https:\/\/cipele.ba\/en\/wp-json\/wp\/v2\/product_tag?post=22895"}],"curies":[{"name":"wp","href":"https:\/\/api.w.org\/{rel}","templated":true}]}}