{"id":22914,"date":"2025-08-30T00:54:01","date_gmt":"2025-08-30T00:54:01","guid":{"rendered":"https:\/\/cipele.ba\/shop\/uncategorized\/new-balance-patike-327-11\/"},"modified":"2026-04-16T06:58:24","modified_gmt":"2026-04-16T06:58:24","slug":"new-balance-patike-327-11","status":"publish","type":"product","link":"https:\/\/cipele.ba\/en\/shop\/muskarci\/muske-patike\/new-balance-patike-327-11\/","title":{"rendered":"New Balance Patike 327"},"content":{"rendered":"<p>Kako je rekreativno tr\u010danje uspostavilo \u0161iroku popularnost 1970-ih, mjerilo za obu\u0107u za tr\u010danje pomaknulo se sa pukog postojanja na performanse. Iako bi se dizajn tog doba prema dana\u0161njim standardima smatrao jednostavnim, decenija se isti\u010de kao trenutak kada su tenisice za tr\u010danje zaista postale svoje.<\/p>","protected":false},"excerpt":{"rendered":"<p>Kako je rekreativno tr\u010danje uspostavilo \u0161iroku popularnost 1970-ih, mjerilo za obu\u0107u za tr\u010danje pomaknulo se sa pukog postojanja na performanse. Iako bi se dizajn tog doba prema dana\u0161njim standardima smatrao jednostavnim, decenija se isti\u010de kao trenutak kada su tenisice za tr\u010danje zaista postale svoje.<\/p>","protected":false},"featured_media":22913,"template":"","meta":{"jetpack_post_was_ever_published":false},"product_brand":[89],"product_cat":[67],"product_tag":[],"class_list":{"0":"post-22914","1":"product","2":"type-product","3":"status-publish","4":"has-post-thumbnail","6":"product_brand-mocca_commerce","7":"product_cat-muske-patike","9":"first","10":"instock","11":"shipping-taxable","12":"product-type-external"},"jetpack-related-posts":[],"jetpack_sharing_enabled":true,"_links":{"self":[{"href":"https:\/\/cipele.ba\/en\/wp-json\/wp\/v2\/product\/22914","targetHints":{"allow":["GET"]}}],"collection":[{"href":"https:\/\/cipele.ba\/en\/wp-json\/wp\/v2\/product"}],"about":[{"href":"https:\/\/cipele.ba\/en\/wp-json\/wp\/v2\/types\/product"}],"wp:featuredmedia":[{"embeddable":true,"href":"https:\/\/cipele.ba\/en\/wp-json\/wp\/v2\/media\/22913"}],"wp:attachment":[{"href":"https:\/\/cipele.ba\/en\/wp-json\/wp\/v2\/media?parent=22914"}],"wp:term":[{"taxonomy":"product_brand","embeddable":true,"href":"https:\/\/cipele.ba\/en\/wp-json\/wp\/v2\/product_brand?post=22914"},{"taxonomy":"product_cat","embeddable":true,"href":"https:\/\/cipele.ba\/en\/wp-json\/wp\/v2\/product_cat?post=22914"},{"taxonomy":"product_tag","embeddable":true,"href":"https:\/\/cipele.ba\/en\/wp-json\/wp\/v2\/product_tag?post=22914"}],"curies":[{"name":"wp","href":"https:\/\/api.w.org\/{rel}","templated":true}]}}