{"id":22936,"date":"2025-08-30T00:54:12","date_gmt":"2025-08-30T00:54:12","guid":{"rendered":"https:\/\/cipele.ba\/shop\/uncategorized\/adidas-patika-tensaur-sport-2-0-cf\/"},"modified":"2026-04-10T19:13:41","modified_gmt":"2026-04-10T19:13:41","slug":"adidas-patika-tensaur-sport-2-0-cf","status":"publish","type":"product","link":"https:\/\/cipele.ba\/en\/shop\/muskarci\/muske-patike\/adidas-patika-tensaur-sport-2-0-cf\/","title":{"rendered":"Adidas Patika Tensaur Sport 2.0 CF"},"content":{"rendered":"","protected":false},"excerpt":{"rendered":"<p>Vrte\u0107i se, kora\u010daju\u0107i, ska\u010du\u0107i ili sprintaju\u0107i, djeca neprestano testiraju svoje patike. Napravljene sa \u010dvrstim gumenim potplatom koji ne ostavlja tragove, ove adidas patike prijanjaju za tlo dok ostavljaju pod upravo onako kako su ih prona\u0161li.<\/p>","protected":false},"featured_media":22935,"template":"","meta":{"jetpack_post_was_ever_published":false},"product_brand":[89],"product_cat":[67],"product_tag":[],"class_list":{"0":"post-22936","1":"product","2":"type-product","3":"status-publish","4":"has-post-thumbnail","6":"product_brand-mocca_commerce","7":"product_cat-muske-patike","9":"first","10":"instock","11":"shipping-taxable","12":"product-type-external"},"jetpack-related-posts":[],"jetpack_sharing_enabled":true,"_links":{"self":[{"href":"https:\/\/cipele.ba\/en\/wp-json\/wp\/v2\/product\/22936","targetHints":{"allow":["GET"]}}],"collection":[{"href":"https:\/\/cipele.ba\/en\/wp-json\/wp\/v2\/product"}],"about":[{"href":"https:\/\/cipele.ba\/en\/wp-json\/wp\/v2\/types\/product"}],"wp:featuredmedia":[{"embeddable":true,"href":"https:\/\/cipele.ba\/en\/wp-json\/wp\/v2\/media\/22935"}],"wp:attachment":[{"href":"https:\/\/cipele.ba\/en\/wp-json\/wp\/v2\/media?parent=22936"}],"wp:term":[{"taxonomy":"product_brand","embeddable":true,"href":"https:\/\/cipele.ba\/en\/wp-json\/wp\/v2\/product_brand?post=22936"},{"taxonomy":"product_cat","embeddable":true,"href":"https:\/\/cipele.ba\/en\/wp-json\/wp\/v2\/product_cat?post=22936"},{"taxonomy":"product_tag","embeddable":true,"href":"https:\/\/cipele.ba\/en\/wp-json\/wp\/v2\/product_tag?post=22936"}],"curies":[{"name":"wp","href":"https:\/\/api.w.org\/{rel}","templated":true}]}}