{"id":22941,"date":"2025-08-30T00:54:14","date_gmt":"2025-08-30T00:54:14","guid":{"rendered":"https:\/\/cipele.ba\/shop\/uncategorized\/jack-and-jones-patike-bright-white\/"},"modified":"2026-04-11T06:17:37","modified_gmt":"2026-04-11T06:17:37","slug":"jack-and-jones-patike-bright-white","status":"publish","type":"product","link":"https:\/\/cipele.ba\/en\/shop\/muskarci\/muske-patike\/jack-and-jones-patike-bright-white\/","title":{"rendered":"Jack and Jones Patike Bright White"},"content":{"rendered":"","protected":false},"excerpt":{"rendered":"<p>Zaokru\u017ei svoj outfit uz ove moderne Jack and Jones patike koje se lako kombinuju s tvojim omiljenim komadima iz ormara. Bilo da ide\u0161 na kafu, u \u0161etnju ili planira\u0161 vikend izlazak \u2013 ove patike su tvoj pouzdan izbor.<\/p>","protected":false},"featured_media":22940,"template":"","meta":{"jetpack_post_was_ever_published":false},"product_brand":[89],"product_cat":[67],"product_tag":[],"class_list":{"0":"post-22941","1":"product","2":"type-product","3":"status-publish","4":"has-post-thumbnail","6":"product_brand-mocca_commerce","7":"product_cat-muske-patike","9":"first","10":"instock","11":"shipping-taxable","12":"product-type-external"},"jetpack-related-posts":[],"jetpack_sharing_enabled":true,"_links":{"self":[{"href":"https:\/\/cipele.ba\/en\/wp-json\/wp\/v2\/product\/22941","targetHints":{"allow":["GET"]}}],"collection":[{"href":"https:\/\/cipele.ba\/en\/wp-json\/wp\/v2\/product"}],"about":[{"href":"https:\/\/cipele.ba\/en\/wp-json\/wp\/v2\/types\/product"}],"wp:featuredmedia":[{"embeddable":true,"href":"https:\/\/cipele.ba\/en\/wp-json\/wp\/v2\/media\/22940"}],"wp:attachment":[{"href":"https:\/\/cipele.ba\/en\/wp-json\/wp\/v2\/media?parent=22941"}],"wp:term":[{"taxonomy":"product_brand","embeddable":true,"href":"https:\/\/cipele.ba\/en\/wp-json\/wp\/v2\/product_brand?post=22941"},{"taxonomy":"product_cat","embeddable":true,"href":"https:\/\/cipele.ba\/en\/wp-json\/wp\/v2\/product_cat?post=22941"},{"taxonomy":"product_tag","embeddable":true,"href":"https:\/\/cipele.ba\/en\/wp-json\/wp\/v2\/product_tag?post=22941"}],"curies":[{"name":"wp","href":"https:\/\/api.w.org\/{rel}","templated":true}]}}