{"id":22965,"date":"2025-08-30T00:54:53","date_gmt":"2025-08-30T00:54:53","guid":{"rendered":"https:\/\/cipele.ba\/shop\/uncategorized\/adidas-patike-runfalcon-5-2\/"},"modified":"2026-04-21T12:18:47","modified_gmt":"2026-04-21T12:18:47","slug":"adidas-patike-runfalcon-5-2","status":"publish","type":"product","link":"https:\/\/cipele.ba\/en\/shop\/muskarci\/muske-patike\/adidas-patike-runfalcon-5-2\/","title":{"rendered":"Adidas Patike Runfalcon 5"},"content":{"rendered":"","protected":false},"excerpt":{"rendered":"<p>Adidas patike model Runfalcon 5 savr\u0161ene su za svakodnevne aktivnosti, pru\u017eaju\u0107i udobnost i stil. Ovaj model ima klasi\u010dan dizajn s visokokvalitetnim materijalima koji osiguravaju dugotrajan vijek trajanja.<\/p>","protected":false},"featured_media":22962,"template":"","meta":{"jetpack_post_was_ever_published":false},"product_brand":[89],"product_cat":[67],"product_tag":[],"class_list":{"0":"post-22965","1":"product","2":"type-product","3":"status-publish","4":"has-post-thumbnail","6":"product_brand-mocca_commerce","7":"product_cat-muske-patike","9":"first","10":"instock","11":"shipping-taxable","12":"product-type-external"},"jetpack-related-posts":[],"jetpack_sharing_enabled":true,"_links":{"self":[{"href":"https:\/\/cipele.ba\/en\/wp-json\/wp\/v2\/product\/22965","targetHints":{"allow":["GET"]}}],"collection":[{"href":"https:\/\/cipele.ba\/en\/wp-json\/wp\/v2\/product"}],"about":[{"href":"https:\/\/cipele.ba\/en\/wp-json\/wp\/v2\/types\/product"}],"wp:featuredmedia":[{"embeddable":true,"href":"https:\/\/cipele.ba\/en\/wp-json\/wp\/v2\/media\/22962"}],"wp:attachment":[{"href":"https:\/\/cipele.ba\/en\/wp-json\/wp\/v2\/media?parent=22965"}],"wp:term":[{"taxonomy":"product_brand","embeddable":true,"href":"https:\/\/cipele.ba\/en\/wp-json\/wp\/v2\/product_brand?post=22965"},{"taxonomy":"product_cat","embeddable":true,"href":"https:\/\/cipele.ba\/en\/wp-json\/wp\/v2\/product_cat?post=22965"},{"taxonomy":"product_tag","embeddable":true,"href":"https:\/\/cipele.ba\/en\/wp-json\/wp\/v2\/product_tag?post=22965"}],"curies":[{"name":"wp","href":"https:\/\/api.w.org\/{rel}","templated":true}]}}