{"id":22968,"date":"2025-08-30T00:54:54","date_gmt":"2025-08-30T00:54:54","guid":{"rendered":"https:\/\/cipele.ba\/shop\/uncategorized\/adidas-patike-galaxy-7-2\/"},"modified":"2026-04-01T18:15:14","modified_gmt":"2026-04-01T18:15:14","slug":"adidas-patike-galaxy-7-2","status":"publish","type":"product","link":"https:\/\/cipele.ba\/en\/shop\/muskarci\/muske-patike\/adidas-patike-galaxy-7-2\/","title":{"rendered":"Adidas Patike Galaxy 7"},"content":{"rendered":"<p>Adidas Galaxy 7 mu\u0161ke patike su savr\u0161ene za tr\u010danje, nude\u0107i izuzetnu udobnost i podr\u0161ku tokom svakog koraka. Ove patike su dizajnirane da vam pomognu u istra\u017eivanju va\u0161ih granica, bilo da se pripremate za trku ili samo \u017eelite pobolj\u0161ati svoju izdr\u017eljivost.<\/p>","protected":false},"excerpt":{"rendered":"<p>Adidas Galaxy 7 mu\u0161ke patike su savr\u0161ene za tr\u010danje, nude\u0107i izuzetnu udobnost i podr\u0161ku tokom svakog koraka. Ove patike su dizajnirane da vam pomognu u istra\u017eivanju va\u0161ih granica, bilo da se pripremate za trku ili samo \u017eelite pobolj\u0161ati svoju izdr\u017eljivost.<\/p>","protected":false},"featured_media":22967,"template":"","meta":{"jetpack_post_was_ever_published":false},"product_brand":[89],"product_cat":[67],"product_tag":[],"class_list":{"0":"post-22968","1":"product","2":"type-product","3":"status-publish","4":"has-post-thumbnail","6":"product_brand-mocca_commerce","7":"product_cat-muske-patike","9":"first","10":"instock","11":"shipping-taxable","12":"product-type-external"},"jetpack-related-posts":[],"jetpack_sharing_enabled":true,"_links":{"self":[{"href":"https:\/\/cipele.ba\/en\/wp-json\/wp\/v2\/product\/22968","targetHints":{"allow":["GET"]}}],"collection":[{"href":"https:\/\/cipele.ba\/en\/wp-json\/wp\/v2\/product"}],"about":[{"href":"https:\/\/cipele.ba\/en\/wp-json\/wp\/v2\/types\/product"}],"wp:featuredmedia":[{"embeddable":true,"href":"https:\/\/cipele.ba\/en\/wp-json\/wp\/v2\/media\/22967"}],"wp:attachment":[{"href":"https:\/\/cipele.ba\/en\/wp-json\/wp\/v2\/media?parent=22968"}],"wp:term":[{"taxonomy":"product_brand","embeddable":true,"href":"https:\/\/cipele.ba\/en\/wp-json\/wp\/v2\/product_brand?post=22968"},{"taxonomy":"product_cat","embeddable":true,"href":"https:\/\/cipele.ba\/en\/wp-json\/wp\/v2\/product_cat?post=22968"},{"taxonomy":"product_tag","embeddable":true,"href":"https:\/\/cipele.ba\/en\/wp-json\/wp\/v2\/product_tag?post=22968"}],"curies":[{"name":"wp","href":"https:\/\/api.w.org\/{rel}","templated":true}]}}