{"id":22986,"date":"2025-08-30T00:55:06","date_gmt":"2025-08-30T00:55:06","guid":{"rendered":"https:\/\/cipele.ba\/shop\/uncategorized\/adidas-patike-eclyptix-2000-4\/"},"modified":"2026-04-14T05:53:06","modified_gmt":"2026-04-14T05:53:06","slug":"adidas-patike-eclyptix-2000-4","status":"publish","type":"product","link":"https:\/\/cipele.ba\/en\/shop\/muskarci\/muske-patike\/adidas-patike-eclyptix-2000-4\/","title":{"rendered":"Adidas Patike Eclyptix 2000"},"content":{"rendered":"","protected":false},"excerpt":{"rendered":"<p>Adidas patike retero duh tr\u010danja uz vrhunsku udobnost. Zakora\u010dite u svijet 2000-tih uz ove Adidas patike koje donose savr\u0161en spoj nostalgije i modernog komfora.<\/p>","protected":false},"featured_media":22983,"template":"","meta":{"jetpack_post_was_ever_published":false},"product_brand":[89],"product_cat":[67],"product_tag":[],"class_list":{"0":"post-22986","1":"product","2":"type-product","3":"status-publish","4":"has-post-thumbnail","6":"product_brand-mocca_commerce","7":"product_cat-muske-patike","9":"first","10":"instock","11":"shipping-taxable","12":"product-type-external"},"jetpack-related-posts":[],"jetpack_sharing_enabled":true,"_links":{"self":[{"href":"https:\/\/cipele.ba\/en\/wp-json\/wp\/v2\/product\/22986","targetHints":{"allow":["GET"]}}],"collection":[{"href":"https:\/\/cipele.ba\/en\/wp-json\/wp\/v2\/product"}],"about":[{"href":"https:\/\/cipele.ba\/en\/wp-json\/wp\/v2\/types\/product"}],"wp:featuredmedia":[{"embeddable":true,"href":"https:\/\/cipele.ba\/en\/wp-json\/wp\/v2\/media\/22983"}],"wp:attachment":[{"href":"https:\/\/cipele.ba\/en\/wp-json\/wp\/v2\/media?parent=22986"}],"wp:term":[{"taxonomy":"product_brand","embeddable":true,"href":"https:\/\/cipele.ba\/en\/wp-json\/wp\/v2\/product_brand?post=22986"},{"taxonomy":"product_cat","embeddable":true,"href":"https:\/\/cipele.ba\/en\/wp-json\/wp\/v2\/product_cat?post=22986"},{"taxonomy":"product_tag","embeddable":true,"href":"https:\/\/cipele.ba\/en\/wp-json\/wp\/v2\/product_tag?post=22986"}],"curies":[{"name":"wp","href":"https:\/\/api.w.org\/{rel}","templated":true}]}}