{"id":23005,"date":"2025-08-30T00:55:16","date_gmt":"2025-08-30T00:55:16","guid":{"rendered":"https:\/\/cipele.ba\/shop\/uncategorized\/adidas-patike-x_plrpath-kids\/"},"modified":"2026-04-14T23:12:33","modified_gmt":"2026-04-14T23:12:33","slug":"adidas-patike-x_plrpath-kids","status":"publish","type":"product","link":"https:\/\/cipele.ba\/en\/shop\/muskarci\/muske-patike\/adidas-patike-x_plrpath-kids\/","title":{"rendered":"Adidas Patike X_PLRPATH Kids"},"content":{"rendered":"","protected":false},"excerpt":{"rendered":"<p>Adidas dje\u010dije patike udobnost i stil za svaki korak. Spremne za igru, tr\u010danje i svakodnevne avanture, ove Adidas dje\u010dije patike kombinuju laganu udobnost i moderan dizajn.<\/p>","protected":false},"featured_media":23002,"template":"","meta":{"jetpack_post_was_ever_published":false},"product_brand":[89],"product_cat":[67],"product_tag":[],"class_list":{"0":"post-23005","1":"product","2":"type-product","3":"status-publish","4":"has-post-thumbnail","6":"product_brand-mocca_commerce","7":"product_cat-muske-patike","9":"first","10":"instock","11":"shipping-taxable","12":"product-type-external"},"jetpack-related-posts":[],"jetpack_sharing_enabled":true,"_links":{"self":[{"href":"https:\/\/cipele.ba\/en\/wp-json\/wp\/v2\/product\/23005","targetHints":{"allow":["GET"]}}],"collection":[{"href":"https:\/\/cipele.ba\/en\/wp-json\/wp\/v2\/product"}],"about":[{"href":"https:\/\/cipele.ba\/en\/wp-json\/wp\/v2\/types\/product"}],"wp:featuredmedia":[{"embeddable":true,"href":"https:\/\/cipele.ba\/en\/wp-json\/wp\/v2\/media\/23002"}],"wp:attachment":[{"href":"https:\/\/cipele.ba\/en\/wp-json\/wp\/v2\/media?parent=23005"}],"wp:term":[{"taxonomy":"product_brand","embeddable":true,"href":"https:\/\/cipele.ba\/en\/wp-json\/wp\/v2\/product_brand?post=23005"},{"taxonomy":"product_cat","embeddable":true,"href":"https:\/\/cipele.ba\/en\/wp-json\/wp\/v2\/product_cat?post=23005"},{"taxonomy":"product_tag","embeddable":true,"href":"https:\/\/cipele.ba\/en\/wp-json\/wp\/v2\/product_tag?post=23005"}],"curies":[{"name":"wp","href":"https:\/\/api.w.org\/{rel}","templated":true}]}}