{"id":23006,"date":"2025-08-30T00:55:17","date_gmt":"2025-08-30T00:55:17","guid":{"rendered":"https:\/\/cipele.ba\/shop\/uncategorized\/adidas-patike-x_plrpath-2\/"},"modified":"2026-04-13T07:17:29","modified_gmt":"2026-04-13T07:17:29","slug":"adidas-patike-x_plrpath-2","status":"publish","type":"product","link":"https:\/\/cipele.ba\/en\/shop\/muskarci\/muske-patike\/adidas-patike-x_plrpath-2\/","title":{"rendered":"Adidas Patike X_PLRPATH"},"content":{"rendered":"","protected":false},"excerpt":{"rendered":"<p>Adidas X_PLRPATH savr\u0161en spoj stila i udobnosti. Bilo da istra\u017eujete gradske ulice ili u\u017eivate u laganoj \u0161etnji susjedstvom, Adidas X_PLR Path patike donose vrhunski spoj modernog dizajna i udobnosti.<\/p>","protected":false},"featured_media":23004,"template":"","meta":{"jetpack_post_was_ever_published":false},"product_brand":[89],"product_cat":[67],"product_tag":[],"class_list":{"0":"post-23006","1":"product","2":"type-product","3":"status-publish","4":"has-post-thumbnail","6":"product_brand-mocca_commerce","7":"product_cat-muske-patike","9":"first","10":"instock","11":"shipping-taxable","12":"product-type-external"},"jetpack-related-posts":[],"jetpack_sharing_enabled":true,"_links":{"self":[{"href":"https:\/\/cipele.ba\/en\/wp-json\/wp\/v2\/product\/23006","targetHints":{"allow":["GET"]}}],"collection":[{"href":"https:\/\/cipele.ba\/en\/wp-json\/wp\/v2\/product"}],"about":[{"href":"https:\/\/cipele.ba\/en\/wp-json\/wp\/v2\/types\/product"}],"wp:featuredmedia":[{"embeddable":true,"href":"https:\/\/cipele.ba\/en\/wp-json\/wp\/v2\/media\/23004"}],"wp:attachment":[{"href":"https:\/\/cipele.ba\/en\/wp-json\/wp\/v2\/media?parent=23006"}],"wp:term":[{"taxonomy":"product_brand","embeddable":true,"href":"https:\/\/cipele.ba\/en\/wp-json\/wp\/v2\/product_brand?post=23006"},{"taxonomy":"product_cat","embeddable":true,"href":"https:\/\/cipele.ba\/en\/wp-json\/wp\/v2\/product_cat?post=23006"},{"taxonomy":"product_tag","embeddable":true,"href":"https:\/\/cipele.ba\/en\/wp-json\/wp\/v2\/product_tag?post=23006"}],"curies":[{"name":"wp","href":"https:\/\/api.w.org\/{rel}","templated":true}]}}