{"id":23012,"date":"2025-08-30T00:55:20","date_gmt":"2025-08-30T00:55:20","guid":{"rendered":"https:\/\/cipele.ba\/shop\/uncategorized\/adidas-patike-supernova-stride-2\/"},"modified":"2026-04-14T07:46:28","modified_gmt":"2026-04-14T07:46:28","slug":"adidas-patike-supernova-stride-2","status":"publish","type":"product","link":"https:\/\/cipele.ba\/en\/shop\/muskarci\/muske-patike\/adidas-patike-supernova-stride-2\/","title":{"rendered":"Adidas Patike Supernova Stride 2"},"content":{"rendered":"","protected":false},"excerpt":{"rendered":"<p>Supernova Stride 2 patike nude optimalnu ravnote\u017eu izme\u0111u meko\u0107e i podr\u0161ke, \u0161to ih \u010dini savr\u0161enim izborom za trka\u010de koji \u017eele maksimalnu udobnost i performanse tokom treninga ili tr\u010danja na du\u017ee staze<\/p>","protected":false},"featured_media":23009,"template":"","meta":{"jetpack_post_was_ever_published":false},"product_brand":[89],"product_cat":[67],"product_tag":[],"class_list":{"0":"post-23012","1":"product","2":"type-product","3":"status-publish","4":"has-post-thumbnail","6":"product_brand-mocca_commerce","7":"product_cat-muske-patike","9":"first","10":"instock","11":"shipping-taxable","12":"product-type-external"},"jetpack-related-posts":[],"jetpack_sharing_enabled":true,"_links":{"self":[{"href":"https:\/\/cipele.ba\/en\/wp-json\/wp\/v2\/product\/23012","targetHints":{"allow":["GET"]}}],"collection":[{"href":"https:\/\/cipele.ba\/en\/wp-json\/wp\/v2\/product"}],"about":[{"href":"https:\/\/cipele.ba\/en\/wp-json\/wp\/v2\/types\/product"}],"wp:featuredmedia":[{"embeddable":true,"href":"https:\/\/cipele.ba\/en\/wp-json\/wp\/v2\/media\/23009"}],"wp:attachment":[{"href":"https:\/\/cipele.ba\/en\/wp-json\/wp\/v2\/media?parent=23012"}],"wp:term":[{"taxonomy":"product_brand","embeddable":true,"href":"https:\/\/cipele.ba\/en\/wp-json\/wp\/v2\/product_brand?post=23012"},{"taxonomy":"product_cat","embeddable":true,"href":"https:\/\/cipele.ba\/en\/wp-json\/wp\/v2\/product_cat?post=23012"},{"taxonomy":"product_tag","embeddable":true,"href":"https:\/\/cipele.ba\/en\/wp-json\/wp\/v2\/product_tag?post=23012"}],"curies":[{"name":"wp","href":"https:\/\/api.w.org\/{rel}","templated":true}]}}