{"id":23018,"date":"2025-08-30T00:55:23","date_gmt":"2025-08-30T00:55:23","guid":{"rendered":"https:\/\/cipele.ba\/shop\/uncategorized\/adidas-patike-x_plrpath-3\/"},"modified":"2026-04-13T04:22:07","modified_gmt":"2026-04-13T04:22:07","slug":"adidas-patike-x_plrpath-3","status":"publish","type":"product","link":"https:\/\/cipele.ba\/en\/shop\/muskarci\/muske-patike\/adidas-patike-x_plrpath-3\/","title":{"rendered":"Adidas Patike X_PLRPATH"},"content":{"rendered":"<p>Bilo da istra\u017eujete gradske ulice ili \u0161etate susjedstvom, ove adidasove X_PLR Path cipele pru\u017eaju stil i udobnost na svakom koraku. Cloudfoam me\u0111u\u0111on pru\u017ea laganu amortizaciju za cjelodnevno no\u0161enje, dok gumeni potplat odr\u017eava va\u0161u \u017eelju za lutanjem prizemljenom.<\/p>","protected":false},"excerpt":{"rendered":"<p>Bilo da istra\u017eujete gradske ulice ili \u0161etate susjedstvom, ove adidasove X_PLR Path cipele pru\u017eaju stil i udobnost na svakom koraku. Cloudfoam me\u0111u\u0111on pru\u017ea laganu amortizaciju za cjelodnevno no\u0161enje, dok gumeni potplat odr\u017eava va\u0161u \u017eelju za lutanjem prizemljenom.<\/p>","protected":false},"featured_media":23015,"template":"","meta":{"jetpack_post_was_ever_published":false},"product_brand":[89],"product_cat":[67],"product_tag":[],"class_list":{"0":"post-23018","1":"product","2":"type-product","3":"status-publish","4":"has-post-thumbnail","6":"product_brand-mocca_commerce","7":"product_cat-muske-patike","9":"first","10":"instock","11":"shipping-taxable","12":"product-type-external"},"jetpack-related-posts":[],"jetpack_sharing_enabled":true,"_links":{"self":[{"href":"https:\/\/cipele.ba\/en\/wp-json\/wp\/v2\/product\/23018","targetHints":{"allow":["GET"]}}],"collection":[{"href":"https:\/\/cipele.ba\/en\/wp-json\/wp\/v2\/product"}],"about":[{"href":"https:\/\/cipele.ba\/en\/wp-json\/wp\/v2\/types\/product"}],"wp:featuredmedia":[{"embeddable":true,"href":"https:\/\/cipele.ba\/en\/wp-json\/wp\/v2\/media\/23015"}],"wp:attachment":[{"href":"https:\/\/cipele.ba\/en\/wp-json\/wp\/v2\/media?parent=23018"}],"wp:term":[{"taxonomy":"product_brand","embeddable":true,"href":"https:\/\/cipele.ba\/en\/wp-json\/wp\/v2\/product_brand?post=23018"},{"taxonomy":"product_cat","embeddable":true,"href":"https:\/\/cipele.ba\/en\/wp-json\/wp\/v2\/product_cat?post=23018"},{"taxonomy":"product_tag","embeddable":true,"href":"https:\/\/cipele.ba\/en\/wp-json\/wp\/v2\/product_tag?post=23018"}],"curies":[{"name":"wp","href":"https:\/\/api.w.org\/{rel}","templated":true}]}}