{"id":23025,"date":"2025-08-30T00:55:29","date_gmt":"2025-08-30T00:55:29","guid":{"rendered":"https:\/\/cipele.ba\/shop\/uncategorized\/new-balance-patike-997-h\/"},"modified":"2026-04-16T10:33:26","modified_gmt":"2026-04-16T10:33:26","slug":"new-balance-patike-997-h","status":"publish","type":"product","link":"https:\/\/cipele.ba\/en\/shop\/muskarci\/muske-patike\/new-balance-patike-997-h\/","title":{"rendered":"New Balance Patike 997 H"},"content":{"rendered":"<p>New Balance 997H su modernizovana verzija kultnih 997 patika, sa unaprije\u0111enim dizajnom koji donosi spoj retro stila i savremenih trendova. Inspirisane 90-im, ove patike zadr\u017eavaju sve karakteristike koje su ih u\u010dinile prepoznatljivim, ali su sada dodatno prilago\u0111ene onima koji \u017eele da se izdvoje iz mase.<\/p>","protected":false},"excerpt":{"rendered":"<p>New Balance 997H su modernizovana verzija kultnih 997 patika, sa unaprije\u0111enim dizajnom koji donosi spoj retro stila i savremenih trendova. Inspirisane 90-im, ove patike zadr\u017eavaju sve karakteristike koje su ih u\u010dinile prepoznatljivim, ali su sada dodatno prilago\u0111ene onima koji \u017eele da se izdvoje iz mase.<\/p>","protected":false},"featured_media":23024,"template":"","meta":{"jetpack_post_was_ever_published":false},"product_brand":[89],"product_cat":[67],"product_tag":[],"class_list":{"0":"post-23025","1":"product","2":"type-product","3":"status-publish","4":"has-post-thumbnail","6":"product_brand-mocca_commerce","7":"product_cat-muske-patike","9":"first","10":"instock","11":"shipping-taxable","12":"product-type-external"},"jetpack-related-posts":[],"jetpack_sharing_enabled":true,"_links":{"self":[{"href":"https:\/\/cipele.ba\/en\/wp-json\/wp\/v2\/product\/23025","targetHints":{"allow":["GET"]}}],"collection":[{"href":"https:\/\/cipele.ba\/en\/wp-json\/wp\/v2\/product"}],"about":[{"href":"https:\/\/cipele.ba\/en\/wp-json\/wp\/v2\/types\/product"}],"wp:featuredmedia":[{"embeddable":true,"href":"https:\/\/cipele.ba\/en\/wp-json\/wp\/v2\/media\/23024"}],"wp:attachment":[{"href":"https:\/\/cipele.ba\/en\/wp-json\/wp\/v2\/media?parent=23025"}],"wp:term":[{"taxonomy":"product_brand","embeddable":true,"href":"https:\/\/cipele.ba\/en\/wp-json\/wp\/v2\/product_brand?post=23025"},{"taxonomy":"product_cat","embeddable":true,"href":"https:\/\/cipele.ba\/en\/wp-json\/wp\/v2\/product_cat?post=23025"},{"taxonomy":"product_tag","embeddable":true,"href":"https:\/\/cipele.ba\/en\/wp-json\/wp\/v2\/product_tag?post=23025"}],"curies":[{"name":"wp","href":"https:\/\/api.w.org\/{rel}","templated":true}]}}