{"id":23027,"date":"2025-08-30T00:55:31","date_gmt":"2025-08-30T00:55:31","guid":{"rendered":"https:\/\/cipele.ba\/shop\/uncategorized\/adidas-patike-x_plrpath-k\/"},"modified":"2026-04-16T08:49:18","modified_gmt":"2026-04-16T08:49:18","slug":"adidas-patike-x_plrpath-k","status":"publish","type":"product","link":"https:\/\/cipele.ba\/en\/shop\/muskarci\/muske-patike\/adidas-patike-x_plrpath-k\/","title":{"rendered":"Adidas Patike X_PLRPATH K"},"content":{"rendered":"","protected":false},"excerpt":{"rendered":"<p>Ove adidas dje\u010dije patike savr\u0161en su spoj udobnosti i stila za mali\u0161ane uzrasta od 4 do 7 godina. Dizajnirane za svakodnevne avanture, dolaze u klasi\u010dnoj crnoj boji koja lako pristaje uz svaki outfit.<\/p>","protected":false},"featured_media":23026,"template":"","meta":{"jetpack_post_was_ever_published":false},"product_brand":[89],"product_cat":[67],"product_tag":[],"class_list":{"0":"post-23027","1":"product","2":"type-product","3":"status-publish","4":"has-post-thumbnail","6":"product_brand-mocca_commerce","7":"product_cat-muske-patike","9":"first","10":"instock","11":"shipping-taxable","12":"product-type-external"},"jetpack-related-posts":[],"jetpack_sharing_enabled":true,"_links":{"self":[{"href":"https:\/\/cipele.ba\/en\/wp-json\/wp\/v2\/product\/23027","targetHints":{"allow":["GET"]}}],"collection":[{"href":"https:\/\/cipele.ba\/en\/wp-json\/wp\/v2\/product"}],"about":[{"href":"https:\/\/cipele.ba\/en\/wp-json\/wp\/v2\/types\/product"}],"wp:featuredmedia":[{"embeddable":true,"href":"https:\/\/cipele.ba\/en\/wp-json\/wp\/v2\/media\/23026"}],"wp:attachment":[{"href":"https:\/\/cipele.ba\/en\/wp-json\/wp\/v2\/media?parent=23027"}],"wp:term":[{"taxonomy":"product_brand","embeddable":true,"href":"https:\/\/cipele.ba\/en\/wp-json\/wp\/v2\/product_brand?post=23027"},{"taxonomy":"product_cat","embeddable":true,"href":"https:\/\/cipele.ba\/en\/wp-json\/wp\/v2\/product_cat?post=23027"},{"taxonomy":"product_tag","embeddable":true,"href":"https:\/\/cipele.ba\/en\/wp-json\/wp\/v2\/product_tag?post=23027"}],"curies":[{"name":"wp","href":"https:\/\/api.w.org\/{rel}","templated":true}]}}