{"id":23029,"date":"2025-08-30T00:55:33","date_gmt":"2025-08-30T00:55:33","guid":{"rendered":"https:\/\/cipele.ba\/shop\/uncategorized\/adidas-patike-runfalcon-5-4\/"},"modified":"2026-04-18T16:35:12","modified_gmt":"2026-04-18T16:35:12","slug":"adidas-patike-runfalcon-5-4","status":"publish","type":"product","link":"https:\/\/cipele.ba\/en\/shop\/muskarci\/muske-patike\/adidas-patike-runfalcon-5-4\/","title":{"rendered":"Adidas Patike Runfalcon 5"},"content":{"rendered":"","protected":false},"excerpt":{"rendered":"<p>Ove Adidas patike su savr\u0161en izbor za svakodnevna tr\u010danja, dizajnirane da ti pomognu da postigne\u0161 svoje ciljeve. Bilo da tr\u010di\u0161 na stazi ili na traci, Cloudfoam srednji \u0111on pru\u017ea meko\u0107u i podr\u0161ku od prvog koraka.<\/p>","protected":false},"featured_media":23028,"template":"","meta":{"jetpack_post_was_ever_published":false},"product_brand":[89],"product_cat":[67],"product_tag":[],"class_list":{"0":"post-23029","1":"product","2":"type-product","3":"status-publish","4":"has-post-thumbnail","6":"product_brand-mocca_commerce","7":"product_cat-muske-patike","9":"first","10":"instock","11":"shipping-taxable","12":"product-type-external"},"jetpack-related-posts":[],"jetpack_sharing_enabled":true,"_links":{"self":[{"href":"https:\/\/cipele.ba\/en\/wp-json\/wp\/v2\/product\/23029","targetHints":{"allow":["GET"]}}],"collection":[{"href":"https:\/\/cipele.ba\/en\/wp-json\/wp\/v2\/product"}],"about":[{"href":"https:\/\/cipele.ba\/en\/wp-json\/wp\/v2\/types\/product"}],"wp:featuredmedia":[{"embeddable":true,"href":"https:\/\/cipele.ba\/en\/wp-json\/wp\/v2\/media\/23028"}],"wp:attachment":[{"href":"https:\/\/cipele.ba\/en\/wp-json\/wp\/v2\/media?parent=23029"}],"wp:term":[{"taxonomy":"product_brand","embeddable":true,"href":"https:\/\/cipele.ba\/en\/wp-json\/wp\/v2\/product_brand?post=23029"},{"taxonomy":"product_cat","embeddable":true,"href":"https:\/\/cipele.ba\/en\/wp-json\/wp\/v2\/product_cat?post=23029"},{"taxonomy":"product_tag","embeddable":true,"href":"https:\/\/cipele.ba\/en\/wp-json\/wp\/v2\/product_tag?post=23029"}],"curies":[{"name":"wp","href":"https:\/\/api.w.org\/{rel}","templated":true}]}}