{"id":23035,"date":"2025-08-30T00:55:37","date_gmt":"2025-08-30T00:55:37","guid":{"rendered":"https:\/\/cipele.ba\/shop\/uncategorized\/adidas-patike-tensaur-sport-2-0-k-2\/"},"modified":"2026-04-16T21:00:11","modified_gmt":"2026-04-16T21:00:11","slug":"adidas-patike-tensaur-sport-2-0-k-2","status":"publish","type":"product","link":"https:\/\/cipele.ba\/en\/shop\/muskarci\/muske-patike\/adidas-patike-tensaur-sport-2-0-k-2\/","title":{"rendered":"Adidas Patike Tensaur Sport 2.0 K"},"content":{"rendered":"<p>Djeci koja u\u010de nove vje\u0161tine potrebne su patike koje se kre\u0107u s njima. Ove klasi\u010dne adidas patike imaju gumeni \u0111on koji je dovoljno gladak za tr\u010danje, ali ne ostavlja tragove na drvenim podovima. Tako da \u0107e raditi podjednako dobro za \u0161kolu kao i za sport.<\/p>","protected":false},"excerpt":{"rendered":"<p>Djeci koja u\u010de nove vje\u0161tine potrebne su patike koje se kre\u0107u s njima. Ove klasi\u010dne adidas patike imaju gumeni \u0111on koji je dovoljno gladak za tr\u010danje, ali ne ostavlja tragove na drvenim podovima. Tako da \u0107e raditi podjednako dobro za \u0161kolu kao i za sport.<\/p>","protected":false},"featured_media":23034,"template":"","meta":{"jetpack_post_was_ever_published":false},"product_brand":[89],"product_cat":[67],"product_tag":[],"class_list":{"0":"post-23035","1":"product","2":"type-product","3":"status-publish","4":"has-post-thumbnail","6":"product_brand-mocca_commerce","7":"product_cat-muske-patike","9":"first","10":"instock","11":"shipping-taxable","12":"product-type-external"},"jetpack-related-posts":[],"jetpack_sharing_enabled":true,"_links":{"self":[{"href":"https:\/\/cipele.ba\/en\/wp-json\/wp\/v2\/product\/23035","targetHints":{"allow":["GET"]}}],"collection":[{"href":"https:\/\/cipele.ba\/en\/wp-json\/wp\/v2\/product"}],"about":[{"href":"https:\/\/cipele.ba\/en\/wp-json\/wp\/v2\/types\/product"}],"wp:featuredmedia":[{"embeddable":true,"href":"https:\/\/cipele.ba\/en\/wp-json\/wp\/v2\/media\/23034"}],"wp:attachment":[{"href":"https:\/\/cipele.ba\/en\/wp-json\/wp\/v2\/media?parent=23035"}],"wp:term":[{"taxonomy":"product_brand","embeddable":true,"href":"https:\/\/cipele.ba\/en\/wp-json\/wp\/v2\/product_brand?post=23035"},{"taxonomy":"product_cat","embeddable":true,"href":"https:\/\/cipele.ba\/en\/wp-json\/wp\/v2\/product_cat?post=23035"},{"taxonomy":"product_tag","embeddable":true,"href":"https:\/\/cipele.ba\/en\/wp-json\/wp\/v2\/product_tag?post=23035"}],"curies":[{"name":"wp","href":"https:\/\/api.w.org\/{rel}","templated":true}]}}