{"id":23059,"date":"2025-08-30T00:55:54","date_gmt":"2025-08-30T00:55:54","guid":{"rendered":"https:\/\/cipele.ba\/shop\/uncategorized\/skechers-patike-uno-cool-heels\/"},"modified":"2026-04-03T09:34:55","modified_gmt":"2026-04-03T09:34:55","slug":"skechers-patike-uno-cool-heels","status":"publish","type":"product","link":"https:\/\/cipele.ba\/en\/shop\/muskarci\/muske-patike\/skechers-patike-uno-cool-heels\/","title":{"rendered":"Skechers Patike Uno Cool Heels"},"content":{"rendered":"<table>\n<tr>\n<th>Vrsta<\/th>\n<td>\n<p>Patike<\/p>\n<\/td>\n<\/tr>\n<tr>\n<th>Brend<\/th>\n<td>\n<p>Skechers<\/p>\n<\/td>\n<\/tr>\n<tr>\n<th>Namjena<\/th>\n<td>\n<p>Lifestyle<\/p>\n<\/td>\n<\/tr>\n<tr>\n<th>Spol<\/th>\n<td>\n<p>\u017dene<\/p>\n<\/td>\n<\/tr>\n<tr>\n<th>Odaberite veli\u010dinu<\/th>\n<td>\n<p>34, 35, 35,5, 36, 36,5, 37, 37,5, 38, 39, 39,5, 40<\/p>\n<\/td>\n<\/tr>\n<tr>\n<th>Uzrast<\/th>\n<td>\n<p>Odrasli, \u0160kolski (EU 35-40)<\/p>\n<\/td>\n<\/tr>\n<tr>\n<th>Raspolo\u017eive veli\u010dine<\/th>\n<td>\n<p>35, 35,5, 36, 37,5<\/p>\n<\/td>\n<\/tr>\n<\/table>","protected":false},"excerpt":{"rendered":"<p>Vrsta Patike Brend Skechers Namjena Lifestyle Spol \u017dene Odaberite veli\u010dinu 34, 35, 35,5, 36, 36,5, 37, 37,5, 38, 39, 39,5, 40 Uzrast Odrasli, \u0160kolski (EU 35-40) Raspolo\u017eive veli\u010dine 35, 35,5, 36, 37,5<\/p>","protected":false},"featured_media":23057,"template":"","meta":{"jetpack_post_was_ever_published":false},"product_brand":[89],"product_cat":[67],"product_tag":[],"class_list":{"0":"post-23059","1":"product","2":"type-product","3":"status-publish","4":"has-post-thumbnail","6":"product_brand-mocca_commerce","7":"product_cat-muske-patike","9":"first","10":"instock","11":"shipping-taxable","12":"product-type-external"},"jetpack-related-posts":[],"jetpack_sharing_enabled":true,"_links":{"self":[{"href":"https:\/\/cipele.ba\/en\/wp-json\/wp\/v2\/product\/23059","targetHints":{"allow":["GET"]}}],"collection":[{"href":"https:\/\/cipele.ba\/en\/wp-json\/wp\/v2\/product"}],"about":[{"href":"https:\/\/cipele.ba\/en\/wp-json\/wp\/v2\/types\/product"}],"wp:featuredmedia":[{"embeddable":true,"href":"https:\/\/cipele.ba\/en\/wp-json\/wp\/v2\/media\/23057"}],"wp:attachment":[{"href":"https:\/\/cipele.ba\/en\/wp-json\/wp\/v2\/media?parent=23059"}],"wp:term":[{"taxonomy":"product_brand","embeddable":true,"href":"https:\/\/cipele.ba\/en\/wp-json\/wp\/v2\/product_brand?post=23059"},{"taxonomy":"product_cat","embeddable":true,"href":"https:\/\/cipele.ba\/en\/wp-json\/wp\/v2\/product_cat?post=23059"},{"taxonomy":"product_tag","embeddable":true,"href":"https:\/\/cipele.ba\/en\/wp-json\/wp\/v2\/product_tag?post=23059"}],"curies":[{"name":"wp","href":"https:\/\/api.w.org\/{rel}","templated":true}]}}