{"id":23065,"date":"2025-08-30T00:55:59","date_gmt":"2025-08-30T00:55:59","guid":{"rendered":"https:\/\/cipele.ba\/shop\/uncategorized\/puma-patike-rebound-lay-up-lo-junior\/"},"modified":"2026-04-19T16:43:35","modified_gmt":"2026-04-19T16:43:35","slug":"puma-patike-rebound-lay-up-lo-junior","status":"publish","type":"product","link":"https:\/\/cipele.ba\/en\/shop\/muskarci\/muske-patike\/puma-patike-rebound-lay-up-lo-junior\/","title":{"rendered":"Puma Patike Rebound Lay-up Lo Junior"},"content":{"rendered":"","protected":false},"excerpt":{"rendered":"<p>Kombiniraju\u0107i retro i futuristi\u010dki stil inspiriran ko\u0161arkom, ove elegantne patike imaju perforirani prednji dio, \u010diste linije i kultni PUMA Formstrip kako biste privukli pa\u017enju na terenu i van njega.<\/p>","protected":false},"featured_media":23063,"template":"","meta":{"jetpack_post_was_ever_published":false},"product_brand":[89],"product_cat":[67],"product_tag":[],"class_list":{"0":"post-23065","1":"product","2":"type-product","3":"status-publish","4":"has-post-thumbnail","6":"product_brand-mocca_commerce","7":"product_cat-muske-patike","9":"first","10":"instock","11":"shipping-taxable","12":"product-type-external"},"jetpack-related-posts":[],"jetpack_sharing_enabled":true,"_links":{"self":[{"href":"https:\/\/cipele.ba\/en\/wp-json\/wp\/v2\/product\/23065","targetHints":{"allow":["GET"]}}],"collection":[{"href":"https:\/\/cipele.ba\/en\/wp-json\/wp\/v2\/product"}],"about":[{"href":"https:\/\/cipele.ba\/en\/wp-json\/wp\/v2\/types\/product"}],"wp:featuredmedia":[{"embeddable":true,"href":"https:\/\/cipele.ba\/en\/wp-json\/wp\/v2\/media\/23063"}],"wp:attachment":[{"href":"https:\/\/cipele.ba\/en\/wp-json\/wp\/v2\/media?parent=23065"}],"wp:term":[{"taxonomy":"product_brand","embeddable":true,"href":"https:\/\/cipele.ba\/en\/wp-json\/wp\/v2\/product_brand?post=23065"},{"taxonomy":"product_cat","embeddable":true,"href":"https:\/\/cipele.ba\/en\/wp-json\/wp\/v2\/product_cat?post=23065"},{"taxonomy":"product_tag","embeddable":true,"href":"https:\/\/cipele.ba\/en\/wp-json\/wp\/v2\/product_tag?post=23065"}],"curies":[{"name":"wp","href":"https:\/\/api.w.org\/{rel}","templated":true}]}}