{"id":23087,"date":"2025-08-30T00:56:11","date_gmt":"2025-08-30T00:56:11","guid":{"rendered":"https:\/\/cipele.ba\/shop\/uncategorized\/adidas-patike-speedcourt-indoor\/"},"modified":"2026-04-21T11:46:02","modified_gmt":"2026-04-21T11:46:02","slug":"adidas-patike-speedcourt-indoor","status":"publish","type":"product","link":"https:\/\/cipele.ba\/en\/shop\/muskarci\/muske-patike\/adidas-patike-speedcourt-indoor\/","title":{"rendered":"Adidas Patike Speedcourt Indoor"},"content":{"rendered":"","protected":false},"excerpt":{"rendered":"<p>Ove Adidas Speedcourt patike su idealne za pove\u0107anje brzine na unutra\u0161njim terenima, izra\u0111ene djelimi\u010dno od recikliranih materijala. Sna\u017eno se odgurnite i pove\u0107ajte svoju brzinu na terenu u ovim laganim patikama.<\/p>","protected":false},"featured_media":23084,"template":"","meta":{"jetpack_post_was_ever_published":false},"product_brand":[89],"product_cat":[67],"product_tag":[],"class_list":{"0":"post-23087","1":"product","2":"type-product","3":"status-publish","4":"has-post-thumbnail","6":"product_brand-mocca_commerce","7":"product_cat-muske-patike","9":"first","10":"instock","11":"shipping-taxable","12":"product-type-external"},"jetpack-related-posts":[],"jetpack_sharing_enabled":true,"_links":{"self":[{"href":"https:\/\/cipele.ba\/en\/wp-json\/wp\/v2\/product\/23087","targetHints":{"allow":["GET"]}}],"collection":[{"href":"https:\/\/cipele.ba\/en\/wp-json\/wp\/v2\/product"}],"about":[{"href":"https:\/\/cipele.ba\/en\/wp-json\/wp\/v2\/types\/product"}],"wp:featuredmedia":[{"embeddable":true,"href":"https:\/\/cipele.ba\/en\/wp-json\/wp\/v2\/media\/23084"}],"wp:attachment":[{"href":"https:\/\/cipele.ba\/en\/wp-json\/wp\/v2\/media?parent=23087"}],"wp:term":[{"taxonomy":"product_brand","embeddable":true,"href":"https:\/\/cipele.ba\/en\/wp-json\/wp\/v2\/product_brand?post=23087"},{"taxonomy":"product_cat","embeddable":true,"href":"https:\/\/cipele.ba\/en\/wp-json\/wp\/v2\/product_cat?post=23087"},{"taxonomy":"product_tag","embeddable":true,"href":"https:\/\/cipele.ba\/en\/wp-json\/wp\/v2\/product_tag?post=23087"}],"curies":[{"name":"wp","href":"https:\/\/api.w.org\/{rel}","templated":true}]}}